{"id":3287,"date":"2025-08-05T11:37:11","date_gmt":"2025-08-05T11:37:11","guid":{"rendered":"https:\/\/test-b96bf2.ingress-florina.ewp.live\/?page_id=3287"},"modified":"2025-08-06T15:26:40","modified_gmt":"2025-08-06T15:26:40","slug":"chalazion-2","status":"publish","type":"page","link":"https:\/\/dr-atidihanane.com\/?page_id=3287","title":{"rendered":"Pt\u00e9rygion et Pingu\u00e9cula"},"content":{"rendered":"\t\t<div data-elementor-type=\"wp-page\" data-elementor-id=\"3287\" class=\"elementor elementor-3287\">\n\t\t\t\t<div class=\"elementor-element elementor-element-38465f3 e-flex e-con-boxed e-con e-parent\" data-id=\"38465f3\" data-element_type=\"container\" data-e-type=\"container\">\n\t\t\t\t\t<div class=\"e-con-inner\">\n\t\t<div class=\"elementor-element elementor-element-e0290df e-con-full sidebar-area e-flex e-con e-child\" data-id=\"e0290df\" data-element_type=\"container\" data-e-type=\"container\">\n\t\t<div class=\"elementor-element elementor-element-c17f944 e-con-full e-flex e-con e-child\" data-id=\"c17f944\" data-element_type=\"container\" data-e-type=\"container\">\n\t\t\r\n\t\t<div class=\"elementor-element elementor-element-1fa503d widget widget_search   elementor-widget elementor-widget-wp-widget-mediax_search_form_widget\" data-id=\"1fa503d\" data-element_type=\"widget\" data-e-type=\"widget\" data-widget_type=\"wp-widget-mediax_search_form_widget.default\">\n\t\t\t\t<div class=\"elementor-widget-container\">\n\t\t\t\t\t<form class=\"search-form\" action=\"https:\/\/dr-atidihanane.com\/\"><input type=\"text\" name=\"s\" placeholder=\"Entrez un mot-cl\u00e9\"><button type=\"submit\"><i class=\"far fa-search\"><\/i><\/button><\/form>\t\t\t\t<\/div>\n\t\t\t\t<\/div>\n\t\t\t\t<\/div>\n\t\t<div class=\"elementor-element elementor-element-5e987f5 e-con-full e-flex e-con e-child\" data-id=\"5e987f5\" data-element_type=\"container\" data-e-type=\"container\">\n\t\t\t\t<div class=\"elementor-element elementor-element-7e3de1a elementor-widget elementor-widget-mediaxservicelist\" data-id=\"7e3de1a\" data-element_type=\"widget\" data-e-type=\"widget\" data-widget_type=\"mediaxservicelist.default\">\n\t\t\t\t<div class=\"elementor-widget-container\">\n\t\t\t\t\t<div class=\"widget widget_categories\"><h3 class=\"widget_title\">Nos Services<\/h3><ul><li><a href=\"https:\/\/dr-atidihanane.com\/?page_id=3174\">Explorations ophtalmologiques\n<\/a><\/li><li><a href=\"https:\/\/dr-atidihanane.com\/?page_id=3146\">Adaptation lentilles de contact\n<\/a><\/li><li><a href=\"https:\/\/dr-atidihanane.com\/?page_id=3257\">Chirurgie de la Cataracte\n<\/a><\/li><li><a href=\"https:\/\/dr-atidihanane.com\/?page_id=3265\">Cataracte secondaire\n<\/a><\/li><li><a href=\"https:\/\/dr-atidihanane.com\/?page_id=3287\">Pt\u00e9rygion et Pingu\u00e9cula\n<\/a><\/li><li><a href=\"https:\/\/dr-atidihanane.com\/?page_id=3265\">Chalazion<\/a><\/li><li><a href=\"https:\/\/dr-atidihanane.com\/?page_id=3272\">Bl\u00e9pharoplastie<\/a><\/li><li><a href=\"https:\/\/dr-atidihanane.com\/?page_id=3244\">Injections intravitr\u00e9ennes\n<\/a><\/li><li><a href=\"https:\/\/dr-atidihanane.com\/?page_id=3157\">Chirurgie r\u00e9fractive<\/a><\/li><li><a href=\"https:\/\/dr-atidihanane.com\/?page_id=3234\">Implant\u00a0PHAQUE<\/a><\/li><\/ul><\/div>\t\t\t\t<\/div>\n\t\t\t\t<\/div>\n\t\t\t\t<\/div>\n\t\t<div class=\"elementor-element elementor-element-b1b006e e-con-full e-flex e-con e-child\" data-id=\"b1b006e\" data-element_type=\"container\" data-e-type=\"container\">\n\t\t\t\t<div class=\"elementor-element elementor-element-d6841df elementor-widget elementor-widget-mediaxfeatures\" data-id=\"d6841df\" data-element_type=\"widget\" data-e-type=\"widget\" data-widget_type=\"mediaxfeatures.default\">\n\t\t\t\t<div class=\"elementor-widget-container\">\n\t\t\t\t\t<div class=\"tab-schedule\"><h3 class=\"widget_title\">Heures de travail<\/h3><p class=\"box-text\">Lundi- Vendredi :<span>9 am - 6:30 pm<\/span><\/p><p class=\"box-text\">Samedi <span>9 am - 1 pm<\/span><\/p><p class=\"box-text\">Dimanche<span>Ferm\u00e9<\/span><\/p><\/div>\t\t\t\t<\/div>\n\t\t\t\t<\/div>\n\t\t\t\t<\/div>\n\t\t\t\t<\/div>\n\t\t<div class=\"elementor-element elementor-element-e84d2c6 e-con-full e-flex e-con e-child\" data-id=\"e84d2c6\" data-element_type=\"container\" data-e-type=\"container\">\n\t\t\t\t<div class=\"elementor-element elementor-element-a2c80b1 elementor-widget elementor-widget-heading\" data-id=\"a2c80b1\" data-element_type=\"widget\" data-e-type=\"widget\" data-widget_type=\"heading.default\">\n\t\t\t\t\t<h2 class=\"elementor-heading-title elementor-size-default\">De quoi s'agit-il?\n<\/h2>\t\t\t\t<\/div>\n\t\t\t\t<div class=\"elementor-element elementor-element-04381a4 elementor-widget elementor-widget-text-editor\" data-id=\"04381a4\" data-element_type=\"widget\" data-e-type=\"widget\" data-widget_type=\"text-editor.default\">\n\t\t\t\t\t\t\t\t\t<p>Le\u00a0<strong>pt\u00e9rygion<\/strong>\u00a0et la\u00a0<strong>pingu\u00e9cula\u00a0<\/strong>sont des\u00a0<strong>d\u00e9g\u00e9n\u00e9rescences de la conjonctive<\/strong>, la\u00a0<strong>membrane transparente qui recouvre la surface de l&#8217;\u0153il<\/strong>. Ils apparaissent g\u00e9n\u00e9ralement dans les zones expos\u00e9es \u00e0 l&#8217;environnement entre les paupi\u00e8res sup\u00e9rieures et inf\u00e9rieures et sont plus fr\u00e9quents du c\u00f4t\u00e9 nasal.<\/p><p>La pinguecula se manifeste par une petite bosse blanche ou jaun\u00e2tre juste \u00e0 c\u00f4t\u00e9 de la corn\u00e9e, qui peut \u00eatre plate et de forme triangulaire\u00a0ou plus sur\u00e9lev\u00e9e et ronde. En revanche, si cette croissance ou masse anormale d\u00e9passe et envahit la corn\u00e9e, on parle de pt\u00e9rygion.<\/p><p>On observe un tissu blanc, g\u00e9n\u00e9ralement triangulaire,\u00a0se d\u00e9velopper \u00e0 partir du bord de la corn\u00e9e avec l&#8217;apex dirig\u00e9 vers le centre. L&#8217;invasion corn\u00e9enne peut \u00eatre plus ou moins importante selon sa progression. Dans certaines r\u00e9gions d&#8217;Espagne, on l&#8217;appelle &#8220;le palmier&#8221;.<\/p>\t\t\t\t\t\t\t\t<\/div>\n\t\t\t\t<div class=\"elementor-element elementor-element-599b783 elementor-widget elementor-widget-heading\" data-id=\"599b783\" data-element_type=\"widget\" data-e-type=\"widget\" data-widget_type=\"heading.default\">\n\t\t\t\t\t<h3 class=\"elementor-heading-title elementor-size-default\">Sympt\u00f4mes\n<\/h3>\t\t\t\t<\/div>\n\t\t\t\t<div class=\"elementor-element elementor-element-c3aee05 elementor-widget elementor-widget-text-editor\" data-id=\"c3aee05\" data-element_type=\"widget\" data-e-type=\"widget\" data-widget_type=\"text-editor.default\">\n\t\t\t\t\t\t\t\t\t<p><strong>G\u00e9n\u00e9ralement, cette pathologie ne provoque pas de sympt\u00f4mes<\/strong>\u00a0sauf que, dans le cas de la pinguecula, le patient voit un tissu blanc jaun\u00e2tre ou une bosse dans la partie blanche de l&#8217;\u0153il et dans le cas du pt\u00e9rygion, le patient observe un tissu blanc qui envahit la corn\u00e9e. Si la bosse est tr\u00e8s sur\u00e9lev\u00e9e, cela peut provoquer une g\u00eane \u00e0 chaque fois que le patient cligne des yeux. En cas d&#8217;irritation, la pinguecula et le pt\u00e9rygion s&#8217;enflamment, provoquant un l\u00e9ger inconfort, une sensation de sable ou de corps \u00e9tranger dans l&#8217;\u0153il et une rougeur dans ces zones.<\/p>\t\t\t\t\t\t\t\t<\/div>\n\t\t\t\t<div class=\"elementor-element elementor-element-3d55f2f elementor-widget elementor-widget-heading\" data-id=\"3d55f2f\" data-element_type=\"widget\" data-e-type=\"widget\" data-widget_type=\"heading.default\">\n\t\t\t\t\t<h3 class=\"elementor-heading-title elementor-size-default\">Pr\u00e9vention<\/h3>\t\t\t\t<\/div>\n\t\t\t\t<div class=\"elementor-element elementor-element-d1ecf34 elementor-widget elementor-widget-text-editor\" data-id=\"d1ecf34\" data-element_type=\"widget\" data-e-type=\"widget\" data-widget_type=\"text-editor.default\">\n\t\t\t\t\t\t\t\t\t<section class=\"content-section \"><div class=\"u-fullwidth\"><div class=\"u-wysiwyg u-reader\"><p>La\u00a0<strong>pr\u00e9vention<\/strong>\u00a0pour \u00e9viter l&#8217;apparition, le d\u00e9veloppement ou inflammation de cette pathologie\u00a0consiste \u00e0 \u00e9viter d&#8217;exposer les yeux au soleil ou au vent.\u00a0<strong>Prot\u00e9ger les yeux avec des lunettes de soleil<\/strong>\u00a0qui recouvrent compl\u00e8tement les c\u00f4t\u00e9s est extr\u00eamement important, surtout en \u00e9t\u00e9 et dans les zones \u00e0 haut niveau de rayons ultraviolets comme sur la plage, en\u00a0mer ou sur\u00a0la neige, o\u00f9 il y a beaucoup de r\u00e9flexion solaire.<\/p><\/div><\/div><\/section><section class=\"content-section \"><div class=\"aside\">\u00a0<\/div><\/section>\t\t\t\t\t\t\t\t<\/div>\n\t\t\t\t<div class=\"elementor-element elementor-element-7a541e7 elementor-widget elementor-widget-heading\" data-id=\"7a541e7\" data-element_type=\"widget\" data-e-type=\"widget\" data-widget_type=\"heading.default\">\n\t\t\t\t\t<h3 class=\"elementor-heading-title elementor-size-default\">Traitement de la pingu\u00e9cula et du pt\u00e9rygion\n<\/h3>\t\t\t\t<\/div>\n\t\t\t\t<div class=\"elementor-element elementor-element-cc735a2 elementor-widget elementor-widget-text-editor\" data-id=\"cc735a2\" data-element_type=\"widget\" data-e-type=\"widget\" data-widget_type=\"text-editor.default\">\n\t\t\t\t\t\t\t\t\t<div class=\"u-wysiwyg u-reader\"><p>L&#8217;utilisation de\u00a0<strong>larmes artificielles<\/strong>\u00a0permet de lubrifier la surface oculaire et d&#8217;att\u00e9nuer les sympt\u00f4mes d&#8217;inconfort. Si la pinguecula et le pt\u00e9rygion deviennent enflamm\u00e9s et rouges, l&#8217;utilisation de\u00a0<strong>cortico\u00efdes<\/strong>\u00a0topiques, sous le contr\u00f4le d&#8217;un ophtalmologue,\u00a0est indiqu\u00e9e.<\/p><p>La\u00a0<strong>pinguecula<\/strong>\u00a0n&#8217;a pas besoin d&#8217;\u00eatre trait\u00e9e chirurgicalement. Cependant, si le patient est fr\u00e9quemment\u00a0<strong>g\u00ean\u00e9<\/strong>\u00a0ou sujet \u00e0 des inflammations malgr\u00e9 des mesures pr\u00e9ventives, une\u00a0<strong>ablation chirurgicale<\/strong>\u00a0est indiqu\u00e9e. Une chirurgie peut \u00eatre \u00e9galement indiqu\u00e9e pour des raisons esth\u00e9tiques.<\/p><p>Le pt\u00e9rygion est extrait\u00a0chirurgicalement lorsqu&#8217;il envahit la corn\u00e9e de plus de 2 millim\u00e8tres,\u00a0taille qui menace d&#8217;occuper la zone centrale de la corn\u00e9e, envahit l&#8217;axe visuel et peut affecter la vision. S&#8217;il est plus petit, la chirurgie du pt\u00e9rygion n&#8217;est pas n\u00e9cessaire sauf s&#8217;il\u00a0provoque une g\u00eane, si il\u00a0est souvent enflamm\u00e9\u00a0ou enfin pour des raisons esth\u00e9tiques.<\/p><p>Il existe plusieurs techniques pour \u00e9liminer le pt\u00e9rygion. La technique la plus pratiqu\u00e9e aujourd&#8217;hui est l&#8217;ablation du pt\u00e9rygion avec le nettoyage total des tissus de la zone, et la transplantation dans cette zone d&#8217;une conjonctive saine obtenue \u00e0 partir d&#8217;une autre zone de l&#8217;\u0153il, g\u00e9n\u00e9ralement de la zone sup\u00e9rieure.<\/p><p>Si le pt\u00e9rygion est r\u00e9current, que la conjonctive a d\u00e9j\u00e0 \u00e9t\u00e9 utilis\u00e9e lors de chirurgies pr\u00e9c\u00e9dentes et que vous n&#8217;avez plus de conjonctive saine \u00e0 greffer, la membrane amniotique ou la muqueuse buccale peuvent\u00a0\u00eatre utilis\u00e9es pour couvrir la zone o\u00f9 le tissu d\u00e9g\u00e9n\u00e9ratif et cicatriciel est retir\u00e9. Les m\u00e9dicaments qui inhibent la gu\u00e9rison tels que la mitomycine C peuvent \u00e9galement \u00eatre utilis\u00e9s en chirurgie dans les cas \u00e0 haut risque de r\u00e9cidive, bien qu&#8217;ils puissent avoir des effets secondaires ind\u00e9sirables.<\/p><\/div><p>\u00a0<\/p>\t\t\t\t\t\t\t\t<\/div>\n\t\t<div class=\"elementor-element elementor-element-47e808a e-con-full e-flex e-con e-child\" data-id=\"47e808a\" data-element_type=\"container\" data-e-type=\"container\">\n\t\t<div class=\"elementor-element elementor-element-d4d5c1d e-con-full e-flex e-con e-child\" data-id=\"d4d5c1d\" data-element_type=\"container\" data-e-type=\"container\">\n\t\t\t\t<\/div>\n\t\t\t\t<\/div>\n\t\t\t\t<\/div>\n\t\t\t\t\t<\/div>\n\t\t\t\t<\/div>\n\t\t\t\t<\/div>\n\t\t","protected":false},"excerpt":{"rendered":"<p>Nos Services Explorations ophtalmologiques Adaptation lentilles de contact Chirurgie de la Cataracte Cataracte secondaire Pt\u00e9rygion et Pingu\u00e9cula Chalazion Bl\u00e9pharoplastie Injections intravitr\u00e9ennes Chirurgie r\u00e9fractive Implant\u00a0PHAQUE Heures de travail Lundi- Vendredi :9 am &#8211; 6:30 pm Samedi 9 am &#8211; 1 pm DimancheFerm\u00e9 De quoi s&#8217;agit-il? Le\u00a0pt\u00e9rygion\u00a0et la\u00a0pingu\u00e9cula\u00a0sont des\u00a0d\u00e9g\u00e9n\u00e9rescences de la conjonctive, la\u00a0membrane transparente qui recouvre la&#8230;<\/p>\n","protected":false},"author":1,"featured_media":0,"parent":0,"menu_order":0,"comment_status":"closed","ping_status":"closed","template":"template-builder.php","meta":{"footnotes":""},"class_list":["post-3287","page","type-page","status-publish","hentry"],"_links":{"self":[{"href":"https:\/\/dr-atidihanane.com\/index.php?rest_route=\/wp\/v2\/pages\/3287","targetHints":{"allow":["GET"]}}],"collection":[{"href":"https:\/\/dr-atidihanane.com\/index.php?rest_route=\/wp\/v2\/pages"}],"about":[{"href":"https:\/\/dr-atidihanane.com\/index.php?rest_route=\/wp\/v2\/types\/page"}],"author":[{"embeddable":true,"href":"https:\/\/dr-atidihanane.com\/index.php?rest_route=\/wp\/v2\/users\/1"}],"replies":[{"embeddable":true,"href":"https:\/\/dr-atidihanane.com\/index.php?rest_route=%2Fwp%2Fv2%2Fcomments&post=3287"}],"version-history":[{"count":11,"href":"https:\/\/dr-atidihanane.com\/index.php?rest_route=\/wp\/v2\/pages\/3287\/revisions"}],"predecessor-version":[{"id":3510,"href":"https:\/\/dr-atidihanane.com\/index.php?rest_route=\/wp\/v2\/pages\/3287\/revisions\/3510"}],"wp:attachment":[{"href":"https:\/\/dr-atidihanane.com\/index.php?rest_route=%2Fwp%2Fv2%2Fmedia&parent=3287"}],"curies":[{"name":"wp","href":"https:\/\/api.w.org\/{rel}","templated":true}]}}