{"id":3272,"date":"2025-08-05T11:14:42","date_gmt":"2025-08-05T11:14:42","guid":{"rendered":"https:\/\/test-b96bf2.ingress-florina.ewp.live\/?page_id=3272"},"modified":"2025-08-06T15:26:54","modified_gmt":"2025-08-06T15:26:54","slug":"cataracte-secondaire-laser-yag","status":"publish","type":"page","link":"https:\/\/dr-atidihanane.com\/?page_id=3272","title":{"rendered":"Bl\u00e9pharoplastie"},"content":{"rendered":"\t\t<div data-elementor-type=\"wp-page\" data-elementor-id=\"3272\" class=\"elementor elementor-3272\">\n\t\t\t\t<div class=\"elementor-element elementor-element-38465f3 e-flex e-con-boxed e-con e-parent\" data-id=\"38465f3\" data-element_type=\"container\" data-e-type=\"container\">\n\t\t\t\t\t<div class=\"e-con-inner\">\n\t\t<div class=\"elementor-element elementor-element-e0290df e-con-full sidebar-area e-flex e-con e-child\" data-id=\"e0290df\" data-element_type=\"container\" data-e-type=\"container\">\n\t\t<div class=\"elementor-element elementor-element-c17f944 e-con-full e-flex e-con e-child\" data-id=\"c17f944\" data-element_type=\"container\" data-e-type=\"container\">\n\t\t\r\n\t\t<div class=\"elementor-element elementor-element-1fa503d widget widget_search   elementor-widget elementor-widget-wp-widget-mediax_search_form_widget\" data-id=\"1fa503d\" data-element_type=\"widget\" data-e-type=\"widget\" data-widget_type=\"wp-widget-mediax_search_form_widget.default\">\n\t\t\t\t<div class=\"elementor-widget-container\">\n\t\t\t\t\t<form class=\"search-form\" action=\"https:\/\/dr-atidihanane.com\/\"><input type=\"text\" name=\"s\" placeholder=\"Entrez un mot-cl\u00e9\"><button type=\"submit\"><i class=\"far fa-search\"><\/i><\/button><\/form>\t\t\t\t<\/div>\n\t\t\t\t<\/div>\n\t\t\t\t<\/div>\n\t\t<div class=\"elementor-element elementor-element-5e987f5 e-con-full e-flex e-con e-child\" data-id=\"5e987f5\" data-element_type=\"container\" data-e-type=\"container\">\n\t\t\t\t<div class=\"elementor-element elementor-element-8406f27 elementor-widget elementor-widget-mediaxservicelist\" data-id=\"8406f27\" data-element_type=\"widget\" data-e-type=\"widget\" data-widget_type=\"mediaxservicelist.default\">\n\t\t\t\t<div class=\"elementor-widget-container\">\n\t\t\t\t\t<div class=\"widget widget_categories\"><h3 class=\"widget_title\">Nos Services<\/h3><ul><li><a href=\"https:\/\/dr-atidihanane.com\/?page_id=3174\">Explorations ophtalmologiques\n<\/a><\/li><li><a href=\"https:\/\/dr-atidihanane.com\/?page_id=3146\">Adaptation lentilles de contact\n<\/a><\/li><li><a href=\"https:\/\/dr-atidihanane.com\/?page_id=3257\">Chirurgie de la Cataracte\n<\/a><\/li><li><a href=\"https:\/\/dr-atidihanane.com\/?page_id=3265\">Cataracte secondaire\n<\/a><\/li><li><a href=\"https:\/\/dr-atidihanane.com\/?page_id=3287\">Pt\u00e9rygion et Pingu\u00e9cula\n<\/a><\/li><li><a href=\"https:\/\/dr-atidihanane.com\/?page_id=3265\">Chalazion<\/a><\/li><li><a href=\"https:\/\/dr-atidihanane.com\/?page_id=3272\">Bl\u00e9pharoplastie<\/a><\/li><li><a href=\"https:\/\/dr-atidihanane.com\/?page_id=3244\">Injections intravitr\u00e9ennes\n<\/a><\/li><li><a href=\"https:\/\/dr-atidihanane.com\/?page_id=3157\">Chirurgie r\u00e9fractive<\/a><\/li><li><a href=\"https:\/\/dr-atidihanane.com\/?page_id=3234\">Implant\u00a0PHAQUE<\/a><\/li><\/ul><\/div>\t\t\t\t<\/div>\n\t\t\t\t<\/div>\n\t\t\t\t<\/div>\n\t\t<div class=\"elementor-element elementor-element-b1b006e e-con-full e-flex e-con e-child\" data-id=\"b1b006e\" data-element_type=\"container\" data-e-type=\"container\">\n\t\t\t\t<div class=\"elementor-element elementor-element-7b06a78 elementor-widget elementor-widget-mediaxfeatures\" data-id=\"7b06a78\" data-element_type=\"widget\" data-e-type=\"widget\" data-widget_type=\"mediaxfeatures.default\">\n\t\t\t\t<div class=\"elementor-widget-container\">\n\t\t\t\t\t<div class=\"tab-schedule\"><h3 class=\"widget_title\">Heures de travail<\/h3><p class=\"box-text\">Lundi- Vendredi :<span>9 am - 6:30 pm<\/span><\/p><p class=\"box-text\">Samedi <span>9 am - 1 pm<\/span><\/p><p class=\"box-text\">Dimanche<span>Ferm\u00e9<\/span><\/p><\/div>\t\t\t\t<\/div>\n\t\t\t\t<\/div>\n\t\t\t\t<\/div>\n\t\t\t\t<\/div>\n\t\t<div class=\"elementor-element elementor-element-e84d2c6 e-con-full e-flex e-con e-child\" data-id=\"e84d2c6\" data-element_type=\"container\" data-e-type=\"container\">\n\t\t\t\t<div class=\"elementor-element elementor-element-a2c80b1 elementor-widget elementor-widget-heading\" data-id=\"a2c80b1\" data-element_type=\"widget\" data-e-type=\"widget\" data-widget_type=\"heading.default\">\n\t\t\t\t\t<h2 class=\"elementor-heading-title elementor-size-default\">En quoi consiste le traitement?<\/h2>\t\t\t\t<\/div>\n\t\t\t\t<div class=\"elementor-element elementor-element-04381a4 elementor-widget elementor-widget-text-editor\" data-id=\"04381a4\" data-element_type=\"widget\" data-e-type=\"widget\" data-widget_type=\"text-editor.default\">\n\t\t\t\t\t\t\t\t\t<section class=\"content-section \"><div class=\"u-fullwidth\"><div class=\"u-wysiwyg u-reader\"><p>La<strong>\u00a0bl\u00e9pharoplastie<\/strong>\u00a0est le\u00a0<strong>traitement chirurgical<\/strong>\u00a0esth\u00e9tique p\u00e9rioculaire par excellence. C&#8217;est la troisi\u00e8me chirurgie esth\u00e9tique la plus pratiqu\u00e9e au monde, ce qui indique le niveau de demande. C&#8217;est une proc\u00e9dure qui peut \u00eatre r\u00e9alis\u00e9e sur les\u00a0<strong>paupi\u00e8res<\/strong>\u00a0sup\u00e9rieures, les paupi\u00e8res inf\u00e9rieures ou les quatre paupi\u00e8res, le tout dans la m\u00eame s\u00e9ance chirurgicale, et en fonction des besoins de chaque patient. C&#8217;est l&#8217;une des chirurgies qui se doit\u00a0d&#8217;\u00eatre\u00a0personnalis\u00e9e au maximum, car la demande et l&#8217;effet sur\u00a0chaque patient sont uniques et diversifi\u00e9s.<\/p><\/div><\/div><\/section><section class=\"content-section \"><div class=\"aside\">\u00a0<\/div><\/section>\t\t\t\t\t\t\t\t<\/div>\n\t\t\t\t<div class=\"elementor-element elementor-element-599b783 elementor-widget elementor-widget-heading\" data-id=\"599b783\" data-element_type=\"widget\" data-e-type=\"widget\" data-widget_type=\"heading.default\">\n\t\t\t\t\t<h3 class=\"elementor-heading-title elementor-size-default\">Quand ce traitement est-il indiqu\u00e9?\n<\/h3>\t\t\t\t<\/div>\n\t\t\t\t<div class=\"elementor-element elementor-element-c3aee05 elementor-widget elementor-widget-text-editor\" data-id=\"c3aee05\" data-element_type=\"widget\" data-e-type=\"widget\" data-widget_type=\"text-editor.default\">\n\t\t\t\t\t\t\t\t\t<p>La proc\u00e9dure est indiqu\u00e9e,\u00a0dans la grande majorit\u00e9 des cas, pour des\u00a0<strong>raisons esth\u00e9tiques<\/strong>. S&#8217;il est vrai qu&#8217;un patient peut souffrir de troubles visuels dus \u00e0 un exc\u00e8s de peau sur les paupi\u00e8res sup\u00e9rieures, ces cas ne\u00a0sont pas majoritaires.<\/p><p>Avant d&#8217;en arriver \u00e0 ce point, les patients ont recours \u00e0\u00a0la\u00a0chirurgie\u00a0pour effacer\u00a0l&#8217;aspect fatigu\u00e9\u00a0et vieillissant des yeux\u00a0et parce qu&#8217;ils souhaitent\u00a0rajeunir leur regard. C&#8217;est pourquoi il est si important\u00a0d&#8217;avoir une conversation calme et sereine avec le sp\u00e9cialiste pour comprendre les options th\u00e9rapeutiques qui existent et se mettre d&#8217;accord sur celles qui sont les plus appropri\u00e9es \u00e0\u00a0chaque cas.<\/p>\t\t\t\t\t\t\t\t<\/div>\n\t\t\t\t<div class=\"elementor-element elementor-element-3d55f2f elementor-widget elementor-widget-heading\" data-id=\"3d55f2f\" data-element_type=\"widget\" data-e-type=\"widget\" data-widget_type=\"heading.default\">\n\t\t\t\t\t<h3 class=\"elementor-heading-title elementor-size-default\">Comment proc\u00e8de-t'on?<\/h3>\t\t\t\t<\/div>\n\t\t\t\t<div class=\"elementor-element elementor-element-d1ecf34 elementor-widget elementor-widget-text-editor\" data-id=\"d1ecf34\" data-element_type=\"widget\" data-e-type=\"widget\" data-widget_type=\"text-editor.default\">\n\t\t\t\t\t\t\t\t\t<p>Sur ce point\u00a0la bl\u00e9pharoplastie de la paupi\u00e8re sup\u00e9rieure se diff\u00e9rencie\u00a0clairement de la bl\u00e9pharoplastie de la paupi\u00e8re inf\u00e9rieure. Pour\u00a0les\u00a0<strong>paupi\u00e8res sup\u00e9rieures<\/strong>, l&#8217;<strong>exc\u00e8s de peau<\/strong>\u00a0ressort, donc la chirurgie constituera en\u00a0son\u00a0<strong>retrait<\/strong>. Il n&#8217;y a g\u00e9n\u00e9ralement pas d&#8217;accumulation de graisse dans les paupi\u00e8res sup\u00e9rieures, bien que si elle devaient\u00a0apparaitre\u00a0dans les zones nasales, il faudrait les extraire, pour des raisons esth\u00e9tiques.<\/p><p>L&#8217;alt\u00e9ration des\u00a0<strong>paupi\u00e8res inf\u00e9rieures<\/strong>\u00a0est bas\u00e9e sur l&#8217;exc\u00e8s de graisse. Ce qu&#8217;on appelle\u00a0\u00ab<strong>les poches\u00a0sous\u00a0les yeux<\/strong>\u00bb. La chirurgie dans ce cas se concentre sur la gestion de la\u00a0<strong>graisse<\/strong>, \u00e0 la fois dans son\u00a0<strong>extraction<\/strong>\u00a0et dans son\u00a0<strong>d\u00e9placement\u00a0<\/strong>vers des zones o\u00f9 la graisse ne d\u00e9range pas, mais est n\u00e9cessaire. Ce sont des chirurgies qui sont effectu\u00e9es dans la plupart des cas de l&#8217;int\u00e9rieur de la paupi\u00e8re, la conjonctive, pour \u00e9viter de faire des coupures dans la peau, et ne pas laisser de marques post-chirurgicales visibles. Chez les patients qui pr\u00e9sentent un exc\u00e8s significatif de peau sur la paupi\u00e8re inf\u00e9rieure, nous associons des techniques afin de\u00a0la tendre\u00a0sans pour autant affecter la stabilit\u00e9 des paupi\u00e8res.<\/p>\t\t\t\t\t\t\t\t<\/div>\n\t\t\t\t<div class=\"elementor-element elementor-element-7a541e7 elementor-widget elementor-widget-heading\" data-id=\"7a541e7\" data-element_type=\"widget\" data-e-type=\"widget\" data-widget_type=\"heading.default\">\n\t\t\t\t\t<h3 class=\"elementor-heading-title elementor-size-default\">R\u00e9sultats<\/h3>\t\t\t\t<\/div>\n\t\t\t\t<div class=\"elementor-element elementor-element-cc735a2 elementor-widget elementor-widget-text-editor\" data-id=\"cc735a2\" data-element_type=\"widget\" data-e-type=\"widget\" data-widget_type=\"text-editor.default\">\n\t\t\t\t\t\t\t\t\t<p>La bl\u00e9pharoplastie est une chirurgie esth\u00e9tique avec d&#8217;<strong>excellents r\u00e9sultats en g\u00e9n\u00e9ral<\/strong>. Etant donn\u00e9 qu&#8217;il s&#8217;agit d&#8217;une op\u00e9ration \u00e0 caract\u00e8re peu\u00a0fonctionnel mais\u00a0tr\u00e8s esth\u00e9tique, le patient doit se voir offrir le maximum d&#8217;informations au pr\u00e9alable. Il n&#8217;y a pas de r\u00e9sultats magiques, mais on obtient\u00a0des am\u00e9liorations \u00e9videntes dans l&#8217;aspect esth\u00e9tique,\u00a0des changements drastiques m\u00eame, mais attention \u00e0 ne pas s&#8217;attendre \u00e0 des r\u00e9sultats irr\u00e9els ou \u00e0 avoir de fausses attentes.<\/p><p>La grande majorit\u00e9 des\u00a0patients qui viennent consulter un sp\u00e9cialiste avec pour objectif d&#8217;am\u00e9liorer leur apparence et de rajeunir leur regard\u00a0m\u00e8ne leur projet \u00e0 bien, mais il est important qu&#8217;ils soient\u00a0tr\u00e8s bien inform\u00e9s et bien pris en charge.<\/p>\t\t\t\t\t\t\t\t<\/div>\n\t\t\t\t<div class=\"elementor-element elementor-element-8b344df elementor-widget elementor-widget-heading\" data-id=\"8b344df\" data-element_type=\"widget\" data-e-type=\"widget\" data-widget_type=\"heading.default\">\n\t\t\t\t\t<h3 class=\"elementor-heading-title elementor-size-default\">Risques possibles\n<\/h3>\t\t\t\t<\/div>\n\t\t\t\t<div class=\"elementor-element elementor-element-6a71e05 elementor-widget elementor-widget-text-editor\" data-id=\"6a71e05\" data-element_type=\"widget\" data-e-type=\"widget\" data-widget_type=\"text-editor.default\">\n\t\t\t\t\t\t\t\t\t<section class=\"content-section \"><div class=\"u-fullwidth\"><div class=\"u-wysiwyg u-reader\"><p>Le risque le plus fr\u00e9quent de bl\u00e9pharoplastie consiste dans le fait que\u00a0<strong>le r\u00e9sulat ne r\u00e9ponde pas aux attentes du patient<\/strong>. C&#8217;est ce qui arrive si le patient a \u00e9t\u00e9 mal ou trop peu inform\u00e9. Un patient bien inform\u00e9 qui sait \u00e0 quoi s&#8217;attendre avec une bl\u00e9pharoplastie sera quasi certainement\u00a0un patient satisfait.<\/p><\/div><\/div><\/section><section class=\"content-section \"><div class=\"aside\">\u00a0<\/div><\/section>\t\t\t\t\t\t\t\t<\/div>\n\t\t<div class=\"elementor-element elementor-element-47e808a e-con-full e-flex e-con e-child\" data-id=\"47e808a\" data-element_type=\"container\" data-e-type=\"container\">\n\t\t<div class=\"elementor-element elementor-element-d4d5c1d e-con-full e-flex e-con e-child\" data-id=\"d4d5c1d\" data-element_type=\"container\" data-e-type=\"container\">\n\t\t\t\t<\/div>\n\t\t\t\t<\/div>\n\t\t\t\t<\/div>\n\t\t\t\t\t<\/div>\n\t\t\t\t<\/div>\n\t\t\t\t<\/div>\n\t\t","protected":false},"excerpt":{"rendered":"<p>Nos Services Explorations ophtalmologiques Adaptation lentilles de contact Chirurgie de la Cataracte Cataracte secondaire Pt\u00e9rygion et Pingu\u00e9cula Chalazion Bl\u00e9pharoplastie Injections intravitr\u00e9ennes Chirurgie r\u00e9fractive Implant\u00a0PHAQUE Heures de travail Lundi- Vendredi :9 am &#8211; 6:30 pm Samedi 9 am &#8211; 1 pm DimancheFerm\u00e9 En quoi consiste le traitement? La\u00a0bl\u00e9pharoplastie\u00a0est le\u00a0traitement chirurgical\u00a0esth\u00e9tique p\u00e9rioculaire par excellence. C&#8217;est la troisi\u00e8me&#8230;<\/p>\n","protected":false},"author":1,"featured_media":0,"parent":0,"menu_order":0,"comment_status":"closed","ping_status":"closed","template":"template-builder.php","meta":{"footnotes":""},"class_list":["post-3272","page","type-page","status-publish","hentry"],"_links":{"self":[{"href":"https:\/\/dr-atidihanane.com\/index.php?rest_route=\/wp\/v2\/pages\/3272","targetHints":{"allow":["GET"]}}],"collection":[{"href":"https:\/\/dr-atidihanane.com\/index.php?rest_route=\/wp\/v2\/pages"}],"about":[{"href":"https:\/\/dr-atidihanane.com\/index.php?rest_route=\/wp\/v2\/types\/page"}],"author":[{"embeddable":true,"href":"https:\/\/dr-atidihanane.com\/index.php?rest_route=\/wp\/v2\/users\/1"}],"replies":[{"embeddable":true,"href":"https:\/\/dr-atidihanane.com\/index.php?rest_route=%2Fwp%2Fv2%2Fcomments&post=3272"}],"version-history":[{"count":11,"href":"https:\/\/dr-atidihanane.com\/index.php?rest_route=\/wp\/v2\/pages\/3272\/revisions"}],"predecessor-version":[{"id":3516,"href":"https:\/\/dr-atidihanane.com\/index.php?rest_route=\/wp\/v2\/pages\/3272\/revisions\/3516"}],"wp:attachment":[{"href":"https:\/\/dr-atidihanane.com\/index.php?rest_route=%2Fwp%2Fv2%2Fmedia&parent=3272"}],"curies":[{"name":"wp","href":"https:\/\/api.w.org\/{rel}","templated":true}]}}