{"id":3265,"date":"2025-08-05T11:06:12","date_gmt":"2025-08-05T11:06:12","guid":{"rendered":"https:\/\/test-b96bf2.ingress-florina.ewp.live\/?page_id=3265"},"modified":"2025-08-06T15:26:32","modified_gmt":"2025-08-06T15:26:32","slug":"chirurgie-de-la-cataracte","status":"publish","type":"page","link":"https:\/\/dr-atidihanane.com\/?page_id=3265","title":{"rendered":"Cataracte secondaire : Laser YAG"},"content":{"rendered":"\t\t<div data-elementor-type=\"wp-page\" data-elementor-id=\"3265\" class=\"elementor elementor-3265\">\n\t\t\t\t<div class=\"elementor-element elementor-element-38465f3 e-flex e-con-boxed e-con e-parent\" data-id=\"38465f3\" data-element_type=\"container\" data-e-type=\"container\">\n\t\t\t\t\t<div class=\"e-con-inner\">\n\t\t<div class=\"elementor-element elementor-element-e0290df e-con-full sidebar-area e-flex e-con e-child\" data-id=\"e0290df\" data-element_type=\"container\" data-e-type=\"container\">\n\t\t<div class=\"elementor-element elementor-element-c17f944 e-con-full e-flex e-con e-child\" data-id=\"c17f944\" data-element_type=\"container\" data-e-type=\"container\">\n\t\t\r\n\t\t<div class=\"elementor-element elementor-element-1fa503d widget widget_search   elementor-widget elementor-widget-wp-widget-mediax_search_form_widget\" data-id=\"1fa503d\" data-element_type=\"widget\" data-e-type=\"widget\" data-widget_type=\"wp-widget-mediax_search_form_widget.default\">\n\t\t\t\t<div class=\"elementor-widget-container\">\n\t\t\t\t\t<form class=\"search-form\" action=\"https:\/\/dr-atidihanane.com\/\"><input type=\"text\" name=\"s\" placeholder=\"Entrez un mot-cl\u00e9\"><button type=\"submit\"><i class=\"far fa-search\"><\/i><\/button><\/form>\t\t\t\t<\/div>\n\t\t\t\t<\/div>\n\t\t\t\t<\/div>\n\t\t<div class=\"elementor-element elementor-element-5e987f5 e-con-full e-flex e-con e-child\" data-id=\"5e987f5\" data-element_type=\"container\" data-e-type=\"container\">\n\t\t\t\t<div class=\"elementor-element elementor-element-2d13641 elementor-widget elementor-widget-mediaxservicelist\" data-id=\"2d13641\" data-element_type=\"widget\" data-e-type=\"widget\" data-widget_type=\"mediaxservicelist.default\">\n\t\t\t\t<div class=\"elementor-widget-container\">\n\t\t\t\t\t<div class=\"widget widget_categories\"><h3 class=\"widget_title\">Nos Services<\/h3><ul><li><a href=\"https:\/\/dr-atidihanane.com\/?page_id=3174\">Explorations ophtalmologiques\n<\/a><\/li><li><a href=\"https:\/\/dr-atidihanane.com\/?page_id=3146\">Adaptation lentilles de contact\n<\/a><\/li><li><a href=\"https:\/\/dr-atidihanane.com\/?page_id=3257\">Chirurgie de la Cataracte\n<\/a><\/li><li><a href=\"https:\/\/dr-atidihanane.com\/?page_id=3265\">Cataracte secondaire\n<\/a><\/li><li><a href=\"https:\/\/dr-atidihanane.com\/?page_id=3287\">Pt\u00e9rygion et Pingu\u00e9cula\n<\/a><\/li><li><a href=\"https:\/\/dr-atidihanane.com\/?page_id=3265\">Chalazion<\/a><\/li><li><a href=\"https:\/\/dr-atidihanane.com\/?page_id=3272\">Bl\u00e9pharoplastie<\/a><\/li><li><a href=\"https:\/\/dr-atidihanane.com\/?page_id=3244\">Injections intravitr\u00e9ennes\n<\/a><\/li><li><a href=\"https:\/\/dr-atidihanane.com\/?page_id=3157\">Chirurgie r\u00e9fractive<\/a><\/li><li><a href=\"https:\/\/dr-atidihanane.com\/?page_id=3234\">Implant\u00a0PHAQUE<\/a><\/li><\/ul><\/div>\t\t\t\t<\/div>\n\t\t\t\t<\/div>\n\t\t\t\t<\/div>\n\t\t<div class=\"elementor-element elementor-element-b1b006e e-con-full e-flex e-con e-child\" data-id=\"b1b006e\" data-element_type=\"container\" data-e-type=\"container\">\n\t\t\t\t<div class=\"elementor-element elementor-element-72cd335 elementor-widget elementor-widget-mediaxfeatures\" data-id=\"72cd335\" data-element_type=\"widget\" data-e-type=\"widget\" data-widget_type=\"mediaxfeatures.default\">\n\t\t\t\t<div class=\"elementor-widget-container\">\n\t\t\t\t\t<div class=\"tab-schedule\"><h3 class=\"widget_title\">Heures de travail<\/h3><p class=\"box-text\">Lundi- Vendredi :<span>9 am - 6:30 pm<\/span><\/p><p class=\"box-text\">Samedi <span>9 am - 1 pm<\/span><\/p><p class=\"box-text\">Dimanche<span>Ferm\u00e9<\/span><\/p><\/div>\t\t\t\t<\/div>\n\t\t\t\t<\/div>\n\t\t\t\t<\/div>\n\t\t\t\t<\/div>\n\t\t<div class=\"elementor-element elementor-element-e84d2c6 e-con-full e-flex e-con e-child\" data-id=\"e84d2c6\" data-element_type=\"container\" data-e-type=\"container\">\n\t\t\t\t<div class=\"elementor-element elementor-element-a2c80b1 elementor-widget elementor-widget-heading\" data-id=\"a2c80b1\" data-element_type=\"widget\" data-e-type=\"widget\" data-widget_type=\"heading.default\">\n\t\t\t\t\t<h2 class=\"elementor-heading-title elementor-size-default\">Qu\u2019est-ce que la cataracte secondaire?<\/h2>\t\t\t\t<\/div>\n\t\t\t\t<div class=\"elementor-element elementor-element-04381a4 elementor-widget elementor-widget-text-editor\" data-id=\"04381a4\" data-element_type=\"widget\" data-e-type=\"widget\" data-widget_type=\"text-editor.default\">\n\t\t\t\t\t\t\t\t\t<p>La cataracte secondaire survient dans les suites normales de\u00a0l\u2019op\u00e9ration initiale de la cataracte\u00a0(d\u2019o\u00f9 son nom).<br \/>Egalement appel\u00e9e fibrose capsulaire, elle correspond \u00e0 l\u2019opacification de l\u2019enveloppe naturelle du cristallin (la capsule) laiss\u00e9e en place pendant l\u2019op\u00e9ration pour servir de support \u00e0 la lentille intra oculaire mise en place en remplacement du cristallin (l\u2019implant cristallinien artificiel).<\/p>\t\t\t\t\t\t\t\t<\/div>\n\t\t\t\t<div class=\"elementor-element elementor-element-f50df42 elementor-widget elementor-widget-image\" data-id=\"f50df42\" data-element_type=\"widget\" data-e-type=\"widget\" data-widget_type=\"image.default\">\n\t\t\t\t\t\t\t\t\t\t\t\t\t\t\t<img fetchpriority=\"high\" decoding=\"async\" width=\"2560\" height=\"1793\" src=\"https:\/\/dr-atidihanane.com\/wp-content\/uploads\/2025\/08\/cristallin_pole_vision_lyon_cataracte_cataracte_secondaire_avant_traitement-scaled.png\" class=\"attachment-full size-full wp-image-3266\" alt=\"\" srcset=\"https:\/\/dr-atidihanane.com\/wp-content\/uploads\/2025\/08\/cristallin_pole_vision_lyon_cataracte_cataracte_secondaire_avant_traitement-scaled.png 2560w, https:\/\/dr-atidihanane.com\/wp-content\/uploads\/2025\/08\/cristallin_pole_vision_lyon_cataracte_cataracte_secondaire_avant_traitement-300x210.png 300w, https:\/\/dr-atidihanane.com\/wp-content\/uploads\/2025\/08\/cristallin_pole_vision_lyon_cataracte_cataracte_secondaire_avant_traitement-1024x717.png 1024w, https:\/\/dr-atidihanane.com\/wp-content\/uploads\/2025\/08\/cristallin_pole_vision_lyon_cataracte_cataracte_secondaire_avant_traitement-768x538.png 768w, https:\/\/dr-atidihanane.com\/wp-content\/uploads\/2025\/08\/cristallin_pole_vision_lyon_cataracte_cataracte_secondaire_avant_traitement-1536x1076.png 1536w, https:\/\/dr-atidihanane.com\/wp-content\/uploads\/2025\/08\/cristallin_pole_vision_lyon_cataracte_cataracte_secondaire_avant_traitement-2048x1435.png 2048w\" sizes=\"(max-width: 2560px) 100vw, 2560px\" \/>\t\t\t\t\t\t\t\t\t\t\t\t\t\t\t<\/div>\n\t\t\t\t<div class=\"elementor-element elementor-element-599b783 elementor-widget elementor-widget-heading\" data-id=\"599b783\" data-element_type=\"widget\" data-e-type=\"widget\" data-widget_type=\"heading.default\">\n\t\t\t\t\t<h3 class=\"elementor-heading-title elementor-size-default\">Quelle est la cause de la cataracte secondaire?\n<\/h3>\t\t\t\t<\/div>\n\t\t\t\t<div class=\"elementor-element elementor-element-c3aee05 elementor-widget elementor-widget-text-editor\" data-id=\"c3aee05\" data-element_type=\"widget\" data-e-type=\"widget\" data-widget_type=\"text-editor.default\">\n\t\t\t\t\t\t\t\t\t<p>Cette modification de transparence de la capsule cristallinienne est syst\u00e9matique avec le temps.<br \/>Il ne s\u2019agit pas d\u2019une complication mais d\u2019un ph\u00e9nom\u00e8ne physiologique li\u00e9 au vieillissement du tissu qui devient g\u00eanant lorsque l\u2019opacification de la capsule s\u2019accompagne d\u2019une baisse de vision (ce qui n\u2019est pas syst\u00e9matique).<\/p>\t\t\t\t\t\t\t\t<\/div>\n\t\t\t\t<div class=\"elementor-element elementor-element-3d55f2f elementor-widget elementor-widget-heading\" data-id=\"3d55f2f\" data-element_type=\"widget\" data-e-type=\"widget\" data-widget_type=\"heading.default\">\n\t\t\t\t\t<h3 class=\"elementor-heading-title elementor-size-default\">Quels sont les sympt\u00f4mes de la cataracte secondaire?<\/h3>\t\t\t\t<\/div>\n\t\t\t\t<div class=\"elementor-element elementor-element-d1ecf34 elementor-widget elementor-widget-text-editor\" data-id=\"d1ecf34\" data-element_type=\"widget\" data-e-type=\"widget\" data-widget_type=\"text-editor.default\">\n\t\t\t\t\t\t\t\t\t<p>La cataracte secondaire donne l\u2019impression que la cataracte \u00ab\u00a0revient\u00a0\u00bb avec les m\u00eames sympt\u00f4mes que la cataracte primitive : baisse d\u2019acuit\u00e9 visuelle pr\u00e9dominant en vision de loin, sensation de brouillard visuel diffus, \u00e9blouissement major\u00e9, sensation de vision d\u00e9doubl\u00e9e\u2026<br \/>A noter que la cataracte secondaire est indolore et ne s\u2019accompagne pas de rougeur oculaire.<\/p>\t\t\t\t\t\t\t\t<\/div>\n\t\t\t\t<div class=\"elementor-element elementor-element-7a541e7 elementor-widget elementor-widget-heading\" data-id=\"7a541e7\" data-element_type=\"widget\" data-e-type=\"widget\" data-widget_type=\"heading.default\">\n\t\t\t\t\t<h3 class=\"elementor-heading-title elementor-size-default\">Comment fait-on le diagnostic de la cataracte secondaire?<\/h3>\t\t\t\t<\/div>\n\t\t\t\t<div class=\"elementor-element elementor-element-cc735a2 elementor-widget elementor-widget-text-editor\" data-id=\"cc735a2\" data-element_type=\"widget\" data-e-type=\"widget\" data-widget_type=\"text-editor.default\">\n\t\t\t\t\t\t\t\t\t<p>Le diagnostic est ais\u00e9. Il repose sur la mise en \u00e9vidence de la perte de transparence de la capsule cristallinienne lors de l\u2019examen \u00e0 la lampe \u00e0 fente r\u00e9alis\u00e9 par l\u2019ophtalmologue (id\u00e9alement apr\u00e8s dilatation pupillaire).<br \/>Une fois ce constat anatomique effectu\u00e9 il faudra pr\u00e9ciser la g\u00e8ne occasionn\u00e9e dans la vie quotidienne (retentissement fonctionnel), pour juger de l\u2019utilit\u00e9 d\u2019un traitement puis rechercher lors de l\u2019examen du fond d\u2019oeil compl\u00e9t\u00e9 par des coupes de la r\u00e9tine en imagerie OCT d\u2019\u00e9ventuelles anomalies associ\u00e9es pouvant compromettre le r\u00e9sultat fonctionnel du traitement (autre affection li\u00e9e au vieillissement oculaire type\u00a0DMLA\u00a0ou\u00a0glaucome\u00a0par exemple).<\/p>\t\t\t\t\t\t\t\t<\/div>\n\t\t\t\t<div class=\"elementor-element elementor-element-8b344df elementor-widget elementor-widget-heading\" data-id=\"8b344df\" data-element_type=\"widget\" data-e-type=\"widget\" data-widget_type=\"heading.default\">\n\t\t\t\t\t<h3 class=\"elementor-heading-title elementor-size-default\">Quel est le traitement de la cataracte secondaire?<\/h3>\t\t\t\t<\/div>\n\t\t\t\t<div class=\"elementor-element elementor-element-6a71e05 elementor-widget elementor-widget-text-editor\" data-id=\"6a71e05\" data-element_type=\"widget\" data-e-type=\"widget\" data-widget_type=\"text-editor.default\">\n\t\t\t\t\t\t\t\t\t<p class=\"margin-top-15\">Le traitement de la cataracte secondaire repose sur la pulv\u00e9risation \u00e0 l\u2019aide d\u2019un faisceau LASER YAG de la partie centrale de la capsule cristallinienne et de ses opacit\u00e9s.<\/p><p>\u00a0<\/p>\t\t\t\t\t\t\t\t<\/div>\n\t\t<div class=\"elementor-element elementor-element-47e808a e-con-full e-flex e-con e-child\" data-id=\"47e808a\" data-element_type=\"container\" data-e-type=\"container\">\n\t\t<div class=\"elementor-element elementor-element-953e5d5 e-con-full e-flex e-con e-child\" data-id=\"953e5d5\" data-element_type=\"container\" data-e-type=\"container\">\n\t\t\t\t<div class=\"elementor-element elementor-element-3e420b5 elementor-widget elementor-widget-image\" data-id=\"3e420b5\" data-element_type=\"widget\" data-e-type=\"widget\" data-widget_type=\"image.default\">\n\t\t\t\t\t\t\t\t\t\t\t\t\t\t\t<img decoding=\"async\" width=\"468\" height=\"471\" src=\"https:\/\/dr-atidihanane.com\/wp-content\/uploads\/2025\/08\/YAG.jpeg\" class=\"attachment-full size-full wp-image-3267\" alt=\"\" srcset=\"https:\/\/dr-atidihanane.com\/wp-content\/uploads\/2025\/08\/YAG.jpeg 468w, https:\/\/dr-atidihanane.com\/wp-content\/uploads\/2025\/08\/YAG-298x300.jpeg 298w, https:\/\/dr-atidihanane.com\/wp-content\/uploads\/2025\/08\/YAG-150x150.jpeg 150w, https:\/\/dr-atidihanane.com\/wp-content\/uploads\/2025\/08\/YAG-85x85.jpeg 85w\" sizes=\"(max-width: 468px) 100vw, 468px\" \/>\t\t\t\t\t\t\t\t\t\t\t\t\t\t\t<\/div>\n\t\t\t\t<\/div>\n\t\t<div class=\"elementor-element elementor-element-d4d5c1d e-con-full e-flex e-con e-child\" data-id=\"d4d5c1d\" data-element_type=\"container\" data-e-type=\"container\">\n\t\t\t\t<div class=\"elementor-element elementor-element-55c0ae9 elementor-widget elementor-widget-text-editor\" data-id=\"55c0ae9\" data-element_type=\"widget\" data-e-type=\"widget\" data-widget_type=\"text-editor.default\">\n\t\t\t\t\t\t\t\t\t<p class=\"margin-top-15\">La capsulotomie au LASER YAG est r\u00e9alis\u00e9e \u00e0 l\u2019occasion d\u2019une simple consultation sans hospitalisation n\u00e9cessaire. La r\u00e9alisation du LASER prend quelques minutes. Ce traitement est totalement indolore et permet de restaurer la vision obtenue apr\u00e8s l\u2019op\u00e9ration de la cataracte (sauf pathologie associ\u00e9e survenue depuis l\u2019intervention).<\/p>\t\t\t\t\t\t\t\t<\/div>\n\t\t\t\t<\/div>\n\t\t\t\t<\/div>\n\t\t\t\t<div class=\"elementor-element elementor-element-1c7be9e elementor-widget elementor-widget-text-editor\" data-id=\"1c7be9e\" data-element_type=\"widget\" data-e-type=\"widget\" data-widget_type=\"text-editor.default\">\n\t\t\t\t\t\t\t\t\t<p>Certaines formes de cataracte peuvent exister \u00e0 la naissance et\/ou \u00eatre la cons\u00e9quence de maladies contract\u00e9es par la m\u00e8re durant la grossesse (rub\u00e9ole, toxoplasmose\u2026).<\/p>\t\t\t\t\t\t\t\t<\/div>\n\t\t\t\t<div class=\"elementor-element elementor-element-cb51e7e elementor-widget elementor-widget-heading\" data-id=\"cb51e7e\" data-element_type=\"widget\" data-e-type=\"widget\" data-widget_type=\"heading.default\">\n\t\t\t\t\t<h3 class=\"elementor-heading-title elementor-size-default\">Quelle est l\u2019\u00e9volution de la cataracte secondaire?<\/h3>\t\t\t\t<\/div>\n\t\t\t\t<div class=\"elementor-element elementor-element-97f1177 elementor-widget elementor-widget-text-editor\" data-id=\"97f1177\" data-element_type=\"widget\" data-e-type=\"widget\" data-widget_type=\"text-editor.default\">\n\t\t\t\t\t\t\t\t\t<p class=\"margin-top-15\">En l\u2019absence de traitement, l\u2019opacification progressive de la capsule peut conduire \u00e0 la perte compl\u00e8te (mais r\u00e9versible) de la vision de l\u2019\u0153il concern\u00e9. Il n\u2019y a aucun traitement (comprim\u00e9 ou collyre) susceptible de pr\u00e9venir cette \u00e9volution.<\/p><p>Apr\u00e8s le traitement LASER des corps flottants correspondant aux d\u00e9bris de la capsule peuvent \u00eatre per\u00e7us le temps de leur r\u00e9sorption. Des collyres anti-inflammatoires sont prescrits pour quelques jours.<\/p><p>Les risques et les complications du traitement LASER sont rares :<br \/>-persistance de corps flottants<br \/>-inflammation transitoire associ\u00e9e ou non \u00e0 une augmentation de la pression oculaire<br \/>-d\u00e9placement exceptionnel du cristallin artificiel<br \/>-r\u00e9cidive exceptionnelle de l\u2019opacification (la capsulotomie au LASER YAG n\u2019est donc faite qu\u2019une seule fois par \u0153il sauf cas exceptionnel type cataracte du sujet jeune et de l\u2019enfant en particulier).<\/p>\t\t\t\t\t\t\t\t<\/div>\n\t\t\t\t<\/div>\n\t\t\t\t\t<\/div>\n\t\t\t\t<\/div>\n\t\t\t\t<\/div>\n\t\t","protected":false},"excerpt":{"rendered":"<p>Nos Services Explorations ophtalmologiques Adaptation lentilles de contact Chirurgie de la Cataracte Cataracte secondaire Pt\u00e9rygion et Pingu\u00e9cula Chalazion Bl\u00e9pharoplastie Injections intravitr\u00e9ennes Chirurgie r\u00e9fractive Implant\u00a0PHAQUE Heures de travail Lundi- Vendredi :9 am &#8211; 6:30 pm Samedi 9 am &#8211; 1 pm DimancheFerm\u00e9 Qu\u2019est-ce que la cataracte secondaire? La cataracte secondaire survient dans les suites normales de\u00a0l\u2019op\u00e9ration&#8230;<\/p>\n","protected":false},"author":1,"featured_media":0,"parent":0,"menu_order":0,"comment_status":"closed","ping_status":"closed","template":"template-builder.php","meta":{"footnotes":""},"class_list":["post-3265","page","type-page","status-publish","hentry"],"_links":{"self":[{"href":"https:\/\/dr-atidihanane.com\/index.php?rest_route=\/wp\/v2\/pages\/3265","targetHints":{"allow":["GET"]}}],"collection":[{"href":"https:\/\/dr-atidihanane.com\/index.php?rest_route=\/wp\/v2\/pages"}],"about":[{"href":"https:\/\/dr-atidihanane.com\/index.php?rest_route=\/wp\/v2\/types\/page"}],"author":[{"embeddable":true,"href":"https:\/\/dr-atidihanane.com\/index.php?rest_route=\/wp\/v2\/users\/1"}],"replies":[{"embeddable":true,"href":"https:\/\/dr-atidihanane.com\/index.php?rest_route=%2Fwp%2Fv2%2Fcomments&post=3265"}],"version-history":[{"count":11,"href":"https:\/\/dr-atidihanane.com\/index.php?rest_route=\/wp\/v2\/pages\/3265\/revisions"}],"predecessor-version":[{"id":3507,"href":"https:\/\/dr-atidihanane.com\/index.php?rest_route=\/wp\/v2\/pages\/3265\/revisions\/3507"}],"wp:attachment":[{"href":"https:\/\/dr-atidihanane.com\/index.php?rest_route=%2Fwp%2Fv2%2Fmedia&parent=3265"}],"curies":[{"name":"wp","href":"https:\/\/api.w.org\/{rel}","templated":true}]}}