{"id":3257,"date":"2025-08-05T10:54:14","date_gmt":"2025-08-05T10:54:14","guid":{"rendered":"https:\/\/test-b96bf2.ingress-florina.ewp.live\/?page_id=3257"},"modified":"2025-08-06T15:26:09","modified_gmt":"2025-08-06T15:26:09","slug":"traitement-de-cornee-2","status":"publish","type":"page","link":"https:\/\/dr-atidihanane.com\/?page_id=3257","title":{"rendered":"Chirurgie de la Cataracte"},"content":{"rendered":"\t\t<div data-elementor-type=\"wp-page\" data-elementor-id=\"3257\" class=\"elementor elementor-3257\">\n\t\t\t\t<div class=\"elementor-element elementor-element-38465f3 e-flex e-con-boxed e-con e-parent\" data-id=\"38465f3\" data-element_type=\"container\" data-e-type=\"container\">\n\t\t\t\t\t<div class=\"e-con-inner\">\n\t\t<div class=\"elementor-element elementor-element-e0290df e-con-full sidebar-area e-flex e-con e-child\" data-id=\"e0290df\" data-element_type=\"container\" data-e-type=\"container\">\n\t\t<div class=\"elementor-element elementor-element-c17f944 e-con-full e-flex e-con e-child\" data-id=\"c17f944\" data-element_type=\"container\" data-e-type=\"container\">\n\t\t\r\n\t\t<div class=\"elementor-element elementor-element-1fa503d widget widget_search   elementor-widget elementor-widget-wp-widget-mediax_search_form_widget\" data-id=\"1fa503d\" data-element_type=\"widget\" data-e-type=\"widget\" data-widget_type=\"wp-widget-mediax_search_form_widget.default\">\n\t\t\t\t<div class=\"elementor-widget-container\">\n\t\t\t\t\t<form class=\"search-form\" action=\"https:\/\/dr-atidihanane.com\/\"><input type=\"text\" name=\"s\" placeholder=\"Entrez un mot-cl\u00e9\"><button type=\"submit\"><i class=\"far fa-search\"><\/i><\/button><\/form>\t\t\t\t<\/div>\n\t\t\t\t<\/div>\n\t\t\t\t<\/div>\n\t\t<div class=\"elementor-element elementor-element-5e987f5 e-con-full e-flex e-con e-child\" data-id=\"5e987f5\" data-element_type=\"container\" data-e-type=\"container\">\n\t\t\t\t<div class=\"elementor-element elementor-element-c0af157 elementor-widget elementor-widget-mediaxservicelist\" data-id=\"c0af157\" data-element_type=\"widget\" data-e-type=\"widget\" data-widget_type=\"mediaxservicelist.default\">\n\t\t\t\t<div class=\"elementor-widget-container\">\n\t\t\t\t\t<div class=\"widget widget_categories\"><h3 class=\"widget_title\">Nos Services<\/h3><ul><li><a href=\"https:\/\/dr-atidihanane.com\/?page_id=3174\">Explorations ophtalmologiques\n<\/a><\/li><li><a href=\"https:\/\/dr-atidihanane.com\/?page_id=3146\">Adaptation lentilles de contact\n<\/a><\/li><li><a href=\"https:\/\/dr-atidihanane.com\/?page_id=3257\">Chirurgie de la Cataracte\n<\/a><\/li><li><a href=\"https:\/\/dr-atidihanane.com\/?page_id=3265\">Cataracte secondaire\n<\/a><\/li><li><a href=\"https:\/\/dr-atidihanane.com\/?page_id=3287\">Pt\u00e9rygion et Pingu\u00e9cula\n<\/a><\/li><li><a href=\"https:\/\/dr-atidihanane.com\/?page_id=3265\">Chalazion<\/a><\/li><li><a href=\"https:\/\/dr-atidihanane.com\/?page_id=3272\">Bl\u00e9pharoplastie<\/a><\/li><li><a href=\"https:\/\/dr-atidihanane.com\/?page_id=3244\">Injections intravitr\u00e9ennes\n<\/a><\/li><li><a href=\"https:\/\/dr-atidihanane.com\/?page_id=3157\">Chirurgie r\u00e9fractive<\/a><\/li><li><a href=\"https:\/\/dr-atidihanane.com\/?page_id=3234\">Implant\u00a0PHAQUE<\/a><\/li><\/ul><\/div>\t\t\t\t<\/div>\n\t\t\t\t<\/div>\n\t\t\t\t<\/div>\n\t\t<div class=\"elementor-element elementor-element-b1b006e e-con-full e-flex e-con e-child\" data-id=\"b1b006e\" data-element_type=\"container\" data-e-type=\"container\">\n\t\t\t\t<div class=\"elementor-element elementor-element-568e0a1 elementor-widget elementor-widget-mediaxfeatures\" data-id=\"568e0a1\" data-element_type=\"widget\" data-e-type=\"widget\" data-widget_type=\"mediaxfeatures.default\">\n\t\t\t\t<div class=\"elementor-widget-container\">\n\t\t\t\t\t<div class=\"tab-schedule\"><h3 class=\"widget_title\">Heures de travail<\/h3><p class=\"box-text\">Lundi- Vendredi :<span>9 am - 6:30 pm<\/span><\/p><p class=\"box-text\">Samedi <span>9 am - 1 pm<\/span><\/p><p class=\"box-text\">Dimanche<span>Ferm\u00e9<\/span><\/p><\/div>\t\t\t\t<\/div>\n\t\t\t\t<\/div>\n\t\t\t\t<\/div>\n\t\t\t\t<\/div>\n\t\t<div class=\"elementor-element elementor-element-e84d2c6 e-con-full e-flex e-con e-child\" data-id=\"e84d2c6\" data-element_type=\"container\" data-e-type=\"container\">\n\t\t\t\t<div class=\"elementor-element elementor-element-a2c80b1 elementor-widget elementor-widget-heading\" data-id=\"a2c80b1\" data-element_type=\"widget\" data-e-type=\"widget\" data-widget_type=\"heading.default\">\n\t\t\t\t\t<h2 class=\"elementor-heading-title elementor-size-default\">Qu\u2019est-ce que la chirurgie de la cataracte ?<\/h2>\t\t\t\t<\/div>\n\t\t\t\t<div class=\"elementor-element elementor-element-04381a4 elementor-widget elementor-widget-text-editor\" data-id=\"04381a4\" data-element_type=\"widget\" data-e-type=\"widget\" data-widget_type=\"text-editor.default\">\n\t\t\t\t\t\t\t\t\t<p>La cataracte est l\u2019opacification progressive du cristallin, sorte de lentille situ\u00e9e dans l\u2019\u0153il, \u00e0 l\u2019arri\u00e8re de l\u2019iris, qui permet de focaliser les rayons lumineux sur le centre de la r\u00e9tine.<br \/>Normalement, le cristallin est transparent. Sa perte de transparence, ou opacification, emp\u00eache donc la lumi\u00e8re de le traverser correctement. La vision se trouble.<\/p>\t\t\t\t\t\t\t\t<\/div>\n\t\t\t\t<div class=\"elementor-element elementor-element-5a313c0 elementor-widget elementor-widget-text-editor\" data-id=\"5a313c0\" data-element_type=\"widget\" data-e-type=\"widget\" data-widget_type=\"text-editor.default\">\n\t\t\t\t\t\t\t\t\t<p data-start=\"565\" data-end=\"726\">La cataracte est une maladie qui affecte l\u2019\u0153il et provoque une baisse progressive de la vision pouvant aller jusqu\u2019\u00e0 la c\u00e9cit\u00e9. La cataracte est un ph\u00e9nom\u00e8ne normal apr\u00e8s 55 ans.<\/p>\t\t\t\t\t\t\t\t<\/div>\n\t\t\t\t<div class=\"elementor-element elementor-element-599b783 elementor-widget elementor-widget-heading\" data-id=\"599b783\" data-element_type=\"widget\" data-e-type=\"widget\" data-widget_type=\"heading.default\">\n\t\t\t\t\t<h3 class=\"elementor-heading-title elementor-size-default\">Quelle est l\u2019origine de ma cataracte ?<\/h3>\t\t\t\t<\/div>\n\t\t\t\t<div class=\"elementor-element elementor-element-cc735a2 elementor-widget elementor-widget-text-editor\" data-id=\"cc735a2\" data-element_type=\"widget\" data-e-type=\"widget\" data-widget_type=\"text-editor.default\">\n\t\t\t\t\t\t\t\t\t<p>La cause la plus fr\u00e9quente est l\u2019\u00e2ge. La cataracte touche 10 % des personnes de moins de 65 ans, 30 % des personnes \u00e2g\u00e9es de 65 \u00e0 75 ans, 50 % entre 75 et 85 ans et 70 % apr\u00e8s 85 ans.<br \/>D\u2019autres raisons peuvent aussi provoquer une cataracte.<\/p>\t\t\t\t\t\t\t\t<\/div>\n\t\t<div class=\"elementor-element elementor-element-47e808a e-con-full e-flex e-con e-child\" data-id=\"47e808a\" data-element_type=\"container\" data-e-type=\"container\">\n\t\t<div class=\"elementor-element elementor-element-953e5d5 e-con-full e-flex e-con e-child\" data-id=\"953e5d5\" data-element_type=\"container\" data-e-type=\"container\">\n\t\t\t\t<div class=\"elementor-element elementor-element-f50df42 elementor-widget elementor-widget-image\" data-id=\"f50df42\" data-element_type=\"widget\" data-e-type=\"widget\" data-widget_type=\"image.default\">\n\t\t\t\t\t\t\t\t\t\t\t\t\t\t\t<img fetchpriority=\"high\" decoding=\"async\" width=\"600\" height=\"551\" src=\"https:\/\/dr-atidihanane.com\/wp-content\/uploads\/2025\/08\/def-cataracte-11.jpg\" class=\"attachment-full size-full wp-image-3258\" alt=\"\" srcset=\"https:\/\/dr-atidihanane.com\/wp-content\/uploads\/2025\/08\/def-cataracte-11.jpg 600w, https:\/\/dr-atidihanane.com\/wp-content\/uploads\/2025\/08\/def-cataracte-11-300x276.jpg 300w\" sizes=\"(max-width: 600px) 100vw, 600px\" \/>\t\t\t\t\t\t\t\t\t\t\t\t\t\t\t<\/div>\n\t\t\t\t<\/div>\n\t\t<div class=\"elementor-element elementor-element-d4d5c1d e-con-full e-flex e-con e-child\" data-id=\"d4d5c1d\" data-element_type=\"container\" data-e-type=\"container\">\n\t\t\t\t<div class=\"elementor-element elementor-element-55c0ae9 elementor-widget elementor-widget-text-editor\" data-id=\"55c0ae9\" data-element_type=\"widget\" data-e-type=\"widget\" data-widget_type=\"text-editor.default\">\n\t\t\t\t\t\t\t\t\t<div class=\"checklist body-color\"><ul><li><i class=\"fas fa-check-circle\"><\/i>Les causes toxiques (cataracte toxique) : la prise de certains m\u00e9dicaments (corticost\u00e9ro\u00efdes \u00e0 forte dose ou en traitement prolong\u00e9), la radioth\u00e9rapie, les ultraviolets, le tabac.<\/li><li><i class=\"fas fa-check-circle\"><\/i>Les traumatismes : un accident ou un traumatisme peuvent endommager le cristallin.<\/li><li><i class=\"fas fa-check-circle\"><\/i>Les maladies chroniques : un ecz\u00e9ma g\u00e9n\u00e9ralis\u00e9 ou un diab\u00e8te mal \u00e9quilibr\u00e9 peuvent d\u00e9clencher cette maladie.<\/li><\/ul><div class=\"checklist body-color\"><ul><li>\u00a0<\/li><\/ul><\/div><\/div>\t\t\t\t\t\t\t\t<\/div>\n\t\t\t\t<\/div>\n\t\t\t\t<\/div>\n\t\t\t\t<div class=\"elementor-element elementor-element-1c7be9e elementor-widget elementor-widget-text-editor\" data-id=\"1c7be9e\" data-element_type=\"widget\" data-e-type=\"widget\" data-widget_type=\"text-editor.default\">\n\t\t\t\t\t\t\t\t\t<p>Certaines formes de cataracte peuvent exister \u00e0 la naissance et\/ou \u00eatre la cons\u00e9quence de maladies contract\u00e9es par la m\u00e8re durant la grossesse (rub\u00e9ole, toxoplasmose\u2026).<\/p>\t\t\t\t\t\t\t\t<\/div>\n\t\t<div class=\"elementor-element elementor-element-5a4dca5 e-con-full e-flex e-con e-child\" data-id=\"5a4dca5\" data-element_type=\"container\" data-e-type=\"container\">\n\t\t<div class=\"elementor-element elementor-element-9089bb0 e-con-full e-flex e-con e-child\" data-id=\"9089bb0\" data-element_type=\"container\" data-e-type=\"container\">\n\t\t\t\t<div class=\"elementor-element elementor-element-7f8eb35 elementor-widget elementor-widget-heading\" data-id=\"7f8eb35\" data-element_type=\"widget\" data-e-type=\"widget\" data-widget_type=\"heading.default\">\n\t\t\t\t\t<h3 class=\"elementor-heading-title elementor-size-default\">Quels sont les signes de la cataracte ?\n<\/h3>\t\t\t\t<\/div>\n\t\t\t\t<div class=\"elementor-element elementor-element-9719a3e elementor-widget elementor-widget-text-editor\" data-id=\"9719a3e\" data-element_type=\"widget\" data-e-type=\"widget\" data-widget_type=\"text-editor.default\">\n\t\t\t\t\t\t\t\t\t<p>La cataracte s\u2019accompagne de sympt\u00f4mes visuels assez caract\u00e9ristiques :<\/p>\t\t\t\t\t\t\t\t<\/div>\n\t\t\t\t<div class=\"elementor-element elementor-element-5306cde elementor-widget elementor-widget-text-editor\" data-id=\"5306cde\" data-element_type=\"widget\" data-e-type=\"widget\" data-widget_type=\"text-editor.default\">\n\t\t\t\t\t\t\t\t\t<div class=\"checklist body-color\"><ul><li style=\"list-style-type: none;\"><ul><li><i class=\"fas fa-check-circle\"><\/i>Une vision floue, le plus souvent de loin.<\/li><li><i class=\"fas fa-check-circle\"><\/i>Une perception att\u00e9nu\u00e9e des couleurs et des contrastes.<\/li><li><i class=\"fas fa-check-circle\"><\/i>Une vision d\u00e9doubl\u00e9e.<\/li><li><i class=\"fas fa-check-circle\"><\/i>Une g\u00eane \u00e0 la lumi\u00e8re (photophobie), en pr\u00e9sence de lumi\u00e8res vives telles que les phares des voitures.<\/li><\/ul><\/li><\/ul><\/div>\t\t\t\t\t\t\t\t<\/div>\n\t\t\t\t<div class=\"elementor-element elementor-element-51d8074 elementor-widget elementor-widget-text-editor\" data-id=\"51d8074\" data-element_type=\"widget\" data-e-type=\"widget\" data-widget_type=\"text-editor.default\">\n\t\t\t\t\t\t\t\t\t<p>En g\u00e9n\u00e9ral, la cataracte s\u2019accompagne d\u2019une baisse de l\u2019acuit\u00e9 visuelle, c\u2019est-\u00e0-dire de la pr\u00e9cision de la vue, malgr\u00e9 des changements de lunettes. Elle peut ainsi avoir des cons\u00e9quences directes sur les activit\u00e9s de la vie quotidienne.<br \/>Lorsque la cataracte est tr\u00e8s \u00e9volu\u00e9e, la pupille devient gris\u00e2tre ou blanch\u00e2tre.<\/p>\t\t\t\t\t\t\t\t<\/div>\n\t\t\t\t<\/div>\n\t\t<div class=\"elementor-element elementor-element-943baf3 e-con-full e-flex e-con e-child\" data-id=\"943baf3\" data-element_type=\"container\" data-e-type=\"container\">\n\t\t\t\t<div class=\"elementor-element elementor-element-1ddd3d4 elementor-widget elementor-widget-image\" data-id=\"1ddd3d4\" data-element_type=\"widget\" data-e-type=\"widget\" data-widget_type=\"image.default\">\n\t\t\t\t\t\t\t\t\t\t\t\t\t\t\t<img decoding=\"async\" width=\"500\" height=\"638\" src=\"https:\/\/dr-atidihanane.com\/wp-content\/uploads\/2025\/08\/def-cataracte-3.jpg\" class=\"attachment-full size-full wp-image-3259\" alt=\"\" srcset=\"https:\/\/dr-atidihanane.com\/wp-content\/uploads\/2025\/08\/def-cataracte-3.jpg 500w, https:\/\/dr-atidihanane.com\/wp-content\/uploads\/2025\/08\/def-cataracte-3-235x300.jpg 235w\" sizes=\"(max-width: 500px) 100vw, 500px\" \/>\t\t\t\t\t\t\t\t\t\t\t\t\t\t\t<\/div>\n\t\t\t\t<\/div>\n\t\t\t\t<\/div>\n\t\t\t\t<div class=\"elementor-element elementor-element-cb51e7e elementor-widget elementor-widget-heading\" data-id=\"cb51e7e\" data-element_type=\"widget\" data-e-type=\"widget\" data-widget_type=\"heading.default\">\n\t\t\t\t\t<h3 class=\"elementor-heading-title elementor-size-default\">Ma cataracte est-elle due \u00e0 mon \u00e2ge ?<\/h3>\t\t\t\t<\/div>\n\t\t\t\t<div class=\"elementor-element elementor-element-97f1177 elementor-widget elementor-widget-text-editor\" data-id=\"97f1177\" data-element_type=\"widget\" data-e-type=\"widget\" data-widget_type=\"text-editor.default\">\n\t\t\t\t\t\t\t\t\t<p>La majorit\u00e9 des cataractes surviennent chez les gens \u00e2g\u00e9s. Le processus normal de vieillissement entra\u00eene le durcissement et l\u2019opacification du cristallin. La cataracte li\u00e9e \u00e0 l\u2019\u00e2ge touche g\u00e9n\u00e9ralement les deux yeux, mais de fa\u00e7on in\u00e9gale, un \u0153il \u00e9tant souvent plus atteint que l\u2019autre.<br \/>Cependant, il arrive que la cataracte se manifeste d\u00e8s l\u2019\u00e2ge de 40 ou 50 ans.<\/p>\t\t\t\t\t\t\t\t<\/div>\n\t\t\t\t<div class=\"elementor-element elementor-element-e4ffd2b elementor-widget elementor-widget-heading\" data-id=\"e4ffd2b\" data-element_type=\"widget\" data-e-type=\"widget\" data-widget_type=\"heading.default\">\n\t\t\t\t\t<h3 class=\"elementor-heading-title elementor-size-default\">Quel traitement s\u2019offre \u00e0 moi ?<\/h3>\t\t\t\t<\/div>\n\t\t\t\t<div class=\"elementor-element elementor-element-ece27aa elementor-widget elementor-widget-text-editor\" data-id=\"ece27aa\" data-element_type=\"widget\" data-e-type=\"widget\" data-widget_type=\"text-editor.default\">\n\t\t\t\t\t\t\t\t\t<p>Le traitement repose exclusivement sur la\u00a0chirurgie. Les collyres n\u2019ont pas d\u2019efficacit\u00e9 d\u00e9montr\u00e9e pour diminuer ou freiner l\u2019\u00e9volution de la cataracte. Une op\u00e9ration\u00a0permet de remplacer le cristallin opacifi\u00e9 par un\u00a0implant ou cristallin artificiel.<\/p><div class=\"document_encart\"><p>Certaines mesures pr\u00e9ventives peuvent aider \u00e0 retarder le d\u00e9veloppement d\u2019une cataracte. Il est, par exemple, recommand\u00e9 de prot\u00e9ger ses yeux du soleil, d\u2019arr\u00eater la consommation de tabac et, pour les diab\u00e9tiques, de contr\u00f4ler au plus pr\u00e8s leur glyc\u00e9mie.<\/p><\/div>\t\t\t\t\t\t\t\t<\/div>\n\t\t\t\t<\/div>\n\t\t\t\t\t<\/div>\n\t\t\t\t<\/div>\n\t\t\t\t<\/div>\n\t\t","protected":false},"excerpt":{"rendered":"<p>Nos Services Explorations ophtalmologiques Adaptation lentilles de contact Chirurgie de la Cataracte Cataracte secondaire Pt\u00e9rygion et Pingu\u00e9cula Chalazion Bl\u00e9pharoplastie Injections intravitr\u00e9ennes Chirurgie r\u00e9fractive Implant\u00a0PHAQUE Heures de travail Lundi- Vendredi :9 am &#8211; 6:30 pm Samedi 9 am &#8211; 1 pm DimancheFerm\u00e9 Qu\u2019est-ce que la chirurgie de la cataracte ? La cataracte est l\u2019opacification progressive du&#8230;<\/p>\n","protected":false},"author":1,"featured_media":0,"parent":0,"menu_order":0,"comment_status":"closed","ping_status":"closed","template":"template-builder.php","meta":{"footnotes":""},"class_list":["post-3257","page","type-page","status-publish","hentry"],"_links":{"self":[{"href":"https:\/\/dr-atidihanane.com\/index.php?rest_route=\/wp\/v2\/pages\/3257","targetHints":{"allow":["GET"]}}],"collection":[{"href":"https:\/\/dr-atidihanane.com\/index.php?rest_route=\/wp\/v2\/pages"}],"about":[{"href":"https:\/\/dr-atidihanane.com\/index.php?rest_route=\/wp\/v2\/types\/page"}],"author":[{"embeddable":true,"href":"https:\/\/dr-atidihanane.com\/index.php?rest_route=\/wp\/v2\/users\/1"}],"replies":[{"embeddable":true,"href":"https:\/\/dr-atidihanane.com\/index.php?rest_route=%2Fwp%2Fv2%2Fcomments&post=3257"}],"version-history":[{"count":11,"href":"https:\/\/dr-atidihanane.com\/index.php?rest_route=\/wp\/v2\/pages\/3257\/revisions"}],"predecessor-version":[{"id":3504,"href":"https:\/\/dr-atidihanane.com\/index.php?rest_route=\/wp\/v2\/pages\/3257\/revisions\/3504"}],"wp:attachment":[{"href":"https:\/\/dr-atidihanane.com\/index.php?rest_route=%2Fwp%2Fv2%2Fmedia&parent=3257"}],"curies":[{"name":"wp","href":"https:\/\/api.w.org\/{rel}","templated":true}]}}