{"id":3234,"date":"2025-08-04T20:22:33","date_gmt":"2025-08-04T20:22:33","guid":{"rendered":"https:\/\/test-b96bf2.ingress-florina.ewp.live\/?page_id=3234"},"modified":"2025-08-06T15:27:11","modified_gmt":"2025-08-06T15:27:11","slug":"lentille-de-contact-intraoculaire","status":"publish","type":"page","link":"https:\/\/dr-atidihanane.com\/?page_id=3234","title":{"rendered":"Implant\u00a0PHAQUE\u00a0ICL"},"content":{"rendered":"\t\t<div data-elementor-type=\"wp-page\" data-elementor-id=\"3234\" class=\"elementor elementor-3234\">\n\t\t\t\t<div class=\"elementor-element elementor-element-38465f3 e-flex e-con-boxed e-con e-parent\" data-id=\"38465f3\" data-element_type=\"container\" data-e-type=\"container\">\n\t\t\t\t\t<div class=\"e-con-inner\">\n\t\t<div class=\"elementor-element elementor-element-e0290df e-con-full sidebar-area e-flex e-con e-child\" data-id=\"e0290df\" data-element_type=\"container\" data-e-type=\"container\">\n\t\t<div class=\"elementor-element elementor-element-c17f944 e-con-full e-flex e-con e-child\" data-id=\"c17f944\" data-element_type=\"container\" data-e-type=\"container\">\n\t\t\r\n\t\t<div class=\"elementor-element elementor-element-1fa503d widget widget_search   elementor-widget elementor-widget-wp-widget-mediax_search_form_widget\" data-id=\"1fa503d\" data-element_type=\"widget\" data-e-type=\"widget\" data-widget_type=\"wp-widget-mediax_search_form_widget.default\">\n\t\t\t\t<div class=\"elementor-widget-container\">\n\t\t\t\t\t<form class=\"search-form\" action=\"https:\/\/dr-atidihanane.com\/\"><input type=\"text\" name=\"s\" placeholder=\"Entrez un mot-cl\u00e9\"><button type=\"submit\"><i class=\"far fa-search\"><\/i><\/button><\/form>\t\t\t\t<\/div>\n\t\t\t\t<\/div>\n\t\t\t\t<\/div>\n\t\t<div class=\"elementor-element elementor-element-5e987f5 e-con-full e-flex e-con e-child\" data-id=\"5e987f5\" data-element_type=\"container\" data-e-type=\"container\">\n\t\t\t\t<div class=\"elementor-element elementor-element-f1ba16e elementor-widget elementor-widget-mediaxservicelist\" data-id=\"f1ba16e\" data-element_type=\"widget\" data-e-type=\"widget\" data-widget_type=\"mediaxservicelist.default\">\n\t\t\t\t<div class=\"elementor-widget-container\">\n\t\t\t\t\t<div class=\"widget widget_categories\"><h3 class=\"widget_title\">Nos Services<\/h3><ul><li><a href=\"https:\/\/dr-atidihanane.com\/?page_id=3174\">Explorations ophtalmologiques\n<\/a><\/li><li><a href=\"https:\/\/dr-atidihanane.com\/?page_id=3146\">Adaptation lentilles de contact\n<\/a><\/li><li><a href=\"https:\/\/dr-atidihanane.com\/?page_id=3257\">Chirurgie de la Cataracte\n<\/a><\/li><li><a href=\"https:\/\/dr-atidihanane.com\/?page_id=3265\">Cataracte secondaire\n<\/a><\/li><li><a href=\"https:\/\/dr-atidihanane.com\/?page_id=3287\">Pt\u00e9rygion et Pingu\u00e9cula\n<\/a><\/li><li><a href=\"https:\/\/dr-atidihanane.com\/?page_id=3265\">Chalazion<\/a><\/li><li><a href=\"https:\/\/dr-atidihanane.com\/?page_id=3272\">Bl\u00e9pharoplastie<\/a><\/li><li><a href=\"https:\/\/dr-atidihanane.com\/?page_id=3244\">Injections intravitr\u00e9ennes\n<\/a><\/li><li><a href=\"https:\/\/dr-atidihanane.com\/?page_id=3157\">Chirurgie r\u00e9fractive<\/a><\/li><li><a href=\"https:\/\/dr-atidihanane.com\/?page_id=3234\">Implant\u00a0PHAQUE<\/a><\/li><\/ul><\/div>\t\t\t\t<\/div>\n\t\t\t\t<\/div>\n\t\t\t\t<\/div>\n\t\t<div class=\"elementor-element elementor-element-b1b006e e-con-full e-flex e-con e-child\" data-id=\"b1b006e\" data-element_type=\"container\" data-e-type=\"container\">\n\t\t\t\t<div class=\"elementor-element elementor-element-751ec3e elementor-widget elementor-widget-mediaxfeatures\" data-id=\"751ec3e\" data-element_type=\"widget\" data-e-type=\"widget\" data-widget_type=\"mediaxfeatures.default\">\n\t\t\t\t<div class=\"elementor-widget-container\">\n\t\t\t\t\t<div class=\"tab-schedule\"><h3 class=\"widget_title\">Heures de travail<\/h3><p class=\"box-text\">Lundi- Vendredi :<span>9 am - 6:30 pm<\/span><\/p><p class=\"box-text\">Samedi <span>9 am - 1 pm<\/span><\/p><p class=\"box-text\">Dimanche<span>Ferm\u00e9<\/span><\/p><\/div>\t\t\t\t<\/div>\n\t\t\t\t<\/div>\n\t\t\t\t<\/div>\n\t\t\t\t<\/div>\n\t\t<div class=\"elementor-element elementor-element-e84d2c6 e-con-full e-flex e-con e-child\" data-id=\"e84d2c6\" data-element_type=\"container\" data-e-type=\"container\">\n\t\t\t\t<div class=\"elementor-element elementor-element-a2c80b1 elementor-widget elementor-widget-heading\" data-id=\"a2c80b1\" data-element_type=\"widget\" data-e-type=\"widget\" data-widget_type=\"heading.default\">\n\t\t\t\t\t<h2 class=\"elementor-heading-title elementor-size-default\">Qu\u2019est-ce que lentille de contact intraoculaire ?<\/h2>\t\t\t\t<\/div>\n\t\t\t\t<div class=\"elementor-element elementor-element-04381a4 elementor-widget elementor-widget-text-editor\" data-id=\"04381a4\" data-element_type=\"widget\" data-e-type=\"widget\" data-widget_type=\"text-editor.default\">\n\t\t\t\t\t\t\t\t\t<p>L\u2019<strong>implantation ICL<\/strong>\u00a0est une m\u00e9thode r\u00e9volutionnaire et peu invasive pour corriger les d\u00e9fauts de vision tels que la myopie, l\u2019hyperm\u00e9tropie et l\u2019astigmatisme. Une lentille de contact sp\u00e9ciale, appel\u00e9e \u00ab Implantable Collamer Lens \u00bb (ICL), est plac\u00e9e dans l\u2019\u0153il pour modifier la r\u00e9fraction et permettre ainsi une vision claire sans lunettes ni lentilles de contact.<\/p>\t\t\t\t\t\t\t\t<\/div>\n\t\t\t\t<div class=\"elementor-element elementor-element-5a313c0 elementor-widget elementor-widget-text-editor\" data-id=\"5a313c0\" data-element_type=\"widget\" data-e-type=\"widget\" data-widget_type=\"text-editor.default\">\n\t\t\t\t\t\t\t\t\t<p>L\u2019implantation de l\u2019ICL\u00a0<strong>est une proc\u00e9dure s\u00fbre et efficace r\u00e9alis\u00e9e par nos chirurgiens exp\u00e9riment\u00e9s<\/strong>. La chirurgie est\u00a0<strong>peu invasive et dure g\u00e9n\u00e9ralement seulement quelques minutes par \u0153il<\/strong>. La plupart des patients ne ressentent aucune douleur pendant le traitement et peuvent reprendre leurs activit\u00e9s normales d\u00e8s le lendemain.<\/p><p>Apr\u00e8s l\u2019implantation de l\u2019ICL, les patients b\u00e9n\u00e9ficient d\u2019une am\u00e9lioration significative de leur vision et d\u2019une meilleure qualit\u00e9 de vie. Ils peuvent pratiquer des sports, conduire et effectuer des t\u00e2ches quotidiennes sans avoir besoin de lunettes ou de lentilles de contact.<\/p>\t\t\t\t\t\t\t\t<\/div>\n\t\t\t\t<div class=\"elementor-element elementor-element-2b41235 elementor-widget elementor-widget-image\" data-id=\"2b41235\" data-element_type=\"widget\" data-e-type=\"widget\" data-widget_type=\"image.default\">\n\t\t\t\t\t\t\t\t\t\t\t\t\t\t\t<img fetchpriority=\"high\" decoding=\"async\" width=\"1261\" height=\"400\" src=\"https:\/\/dr-atidihanane.com\/wp-content\/uploads\/2025\/08\/ICL-Implants-phaques-Ophtalmo-Luxembourg-1.jpg\" class=\"attachment-full size-full wp-image-3235\" alt=\"\" srcset=\"https:\/\/dr-atidihanane.com\/wp-content\/uploads\/2025\/08\/ICL-Implants-phaques-Ophtalmo-Luxembourg-1.jpg 1261w, https:\/\/dr-atidihanane.com\/wp-content\/uploads\/2025\/08\/ICL-Implants-phaques-Ophtalmo-Luxembourg-1-300x95.jpg 300w, https:\/\/dr-atidihanane.com\/wp-content\/uploads\/2025\/08\/ICL-Implants-phaques-Ophtalmo-Luxembourg-1-1024x325.jpg 1024w, https:\/\/dr-atidihanane.com\/wp-content\/uploads\/2025\/08\/ICL-Implants-phaques-Ophtalmo-Luxembourg-1-768x244.jpg 768w\" sizes=\"(max-width: 1261px) 100vw, 1261px\" \/>\t\t\t\t\t\t\t\t\t\t\t\t\t\t\t<\/div>\n\t\t\t\t<div class=\"elementor-element elementor-element-cc735a2 elementor-widget elementor-widget-text-editor\" data-id=\"cc735a2\" data-element_type=\"widget\" data-e-type=\"widget\" data-widget_type=\"text-editor.default\">\n\t\t\t\t\t\t\t\t\t<p>L\u2019implantation de l\u2019ICL\u00a0<strong>est une proc\u00e9dure s\u00fbre et efficace r\u00e9alis\u00e9e par nos chirurgiens exp\u00e9riment\u00e9s<\/strong>. La chirurgie est\u00a0<strong>peu invasive et dure g\u00e9n\u00e9ralement seulement quelques minutes par \u0153il<\/strong>. La plupart des patients ne ressentent aucune douleur pendant le traitement et peuvent reprendre leurs activit\u00e9s normales d\u00e8s le lendemain.<\/p><p>Apr\u00e8s l\u2019implantation de l\u2019ICL, les patients b\u00e9n\u00e9ficient d\u2019une am\u00e9lioration significative de leur vision et d\u2019une meilleure qualit\u00e9 de vie. Ils peuvent pratiquer des sports, conduire et effectuer des t\u00e2ches quotidiennes sans avoir besoin de lunettes ou de lentilles de contact.<\/p>\t\t\t\t\t\t\t\t<\/div>\n\t\t\t\t<div class=\"elementor-element elementor-element-c37f40f elementor-widget elementor-widget-image\" data-id=\"c37f40f\" data-element_type=\"widget\" data-e-type=\"widget\" data-widget_type=\"image.default\">\n\t\t\t\t\t\t\t\t\t\t\t\t\t\t\t<img decoding=\"async\" width=\"1261\" height=\"400\" src=\"https:\/\/dr-atidihanane.com\/wp-content\/uploads\/2025\/08\/ICL-Implants-phaques-Ophtalmo-Luxembourg-.jpg\" class=\"attachment-full size-full wp-image-3236\" alt=\"\" srcset=\"https:\/\/dr-atidihanane.com\/wp-content\/uploads\/2025\/08\/ICL-Implants-phaques-Ophtalmo-Luxembourg-.jpg 1261w, https:\/\/dr-atidihanane.com\/wp-content\/uploads\/2025\/08\/ICL-Implants-phaques-Ophtalmo-Luxembourg--300x95.jpg 300w, https:\/\/dr-atidihanane.com\/wp-content\/uploads\/2025\/08\/ICL-Implants-phaques-Ophtalmo-Luxembourg--1024x325.jpg 1024w, https:\/\/dr-atidihanane.com\/wp-content\/uploads\/2025\/08\/ICL-Implants-phaques-Ophtalmo-Luxembourg--768x244.jpg 768w\" sizes=\"(max-width: 1261px) 100vw, 1261px\" \/>\t\t\t\t\t\t\t\t\t\t\t\t\t\t\t<\/div>\n\t\t\t\t<div class=\"elementor-element elementor-element-69eb602 elementor-widget elementor-widget-text-editor\" data-id=\"69eb602\" data-element_type=\"widget\" data-e-type=\"widget\" data-widget_type=\"text-editor.default\">\n\t\t\t\t\t\t\t\t\t<div class=\"flex_column av-2l8kry-c7b1147ab90cc579102d0fbe67ed368f av_one_full avia-builder-el-15 el_after_av_one_full el_before_av_hr first flex_column_div av-zero-column-padding column-top-margin\"><section class=\"av_textblock_section av-lzlh55i4-07a6151e52e80730a9a63964800487a0 \"><div class=\"avia_textblock\"><p><strong>L\u2019ICL<\/strong>\u00a0peut \u00e9galement \u00eatre utilis\u00e9e pour les patients ayant des corn\u00e9es minces ou irr\u00e9guli\u00e8res, des yeux secs ou d\u2019autres affections oculaires. Cette proc\u00e9dure est une excellente alternative pour les patients qui ne sont pas des candidats appropri\u00e9s pour d\u2019autres proc\u00e9dures de r\u00e9fraction telles que\u00a0<strong>le LASIK ou la PKR<\/strong>, ou qui ont des erreurs de r\u00e9fraction si \u00e9lev\u00e9es qu\u2019elles ne peuvent pas \u00eatre enti\u00e8rement corrig\u00e9es par d\u2019autres m\u00e9thodes.<\/p><p>Un avantage majeur de l\u2019implantation de l\u2019ICL par rapport aux proc\u00e9dures chirurgicales au laser est\u00a0<strong>que la forme naturelle de la corn\u00e9e est pr\u00e9serv\u00e9e<\/strong>. Cela peut conduire \u00e0 une meilleure qualit\u00e9 visuelle et r\u00e9duire le risque de s\u00e9cheresse, d\u2019\u00e9blouissement et d\u2019autres effets secondaires qui peuvent survenir apr\u00e8s le LASIK ou la PKR. De plus, l\u2019implantation de l\u2019ICL est\u00a0<strong>r\u00e9versible, ce qui signifie que la lentille peut \u00eatre facilement retir\u00e9e ou remplac\u00e9e si n\u00e9cessaire<\/strong>. Cela offre aux patients une flexibilit\u00e9 et une s\u00e9curit\u00e9 suppl\u00e9mentaires par rapport aux chirurgies au laser, qui sont souvent irr\u00e9versibles.<\/p><\/div><\/section><\/div><div class=\"hr av-a6rjim-24e49bb684946feb2783ec2976bf7ba8 hr-default avia-builder-el-17 el_after_av_one_full el_before_av_one_full \">\u00a0<\/div>\t\t\t\t\t\t\t\t<\/div>\n\t\t\t\t<div class=\"elementor-element elementor-element-bf12a37 elementor-widget elementor-widget-image\" data-id=\"bf12a37\" data-element_type=\"widget\" data-e-type=\"widget\" data-widget_type=\"image.default\">\n\t\t\t\t\t\t\t\t\t\t\t\t\t\t\t<img decoding=\"async\" width=\"1200\" height=\"320\" src=\"https:\/\/dr-atidihanane.com\/wp-content\/uploads\/2025\/08\/ICL-Implants-phaques-Ophtalmo-Luxembourg-1-1.jpg\" class=\"attachment-full size-full wp-image-3237\" alt=\"\" srcset=\"https:\/\/dr-atidihanane.com\/wp-content\/uploads\/2025\/08\/ICL-Implants-phaques-Ophtalmo-Luxembourg-1-1.jpg 1200w, https:\/\/dr-atidihanane.com\/wp-content\/uploads\/2025\/08\/ICL-Implants-phaques-Ophtalmo-Luxembourg-1-1-300x80.jpg 300w, https:\/\/dr-atidihanane.com\/wp-content\/uploads\/2025\/08\/ICL-Implants-phaques-Ophtalmo-Luxembourg-1-1-1024x273.jpg 1024w, https:\/\/dr-atidihanane.com\/wp-content\/uploads\/2025\/08\/ICL-Implants-phaques-Ophtalmo-Luxembourg-1-1-768x205.jpg 768w\" sizes=\"(max-width: 1200px) 100vw, 1200px\" \/>\t\t\t\t\t\t\t\t\t\t\t\t\t\t\t<\/div>\n\t\t<div class=\"elementor-element elementor-element-47e808a e-con-full e-flex e-con e-child\" data-id=\"47e808a\" data-element_type=\"container\" data-e-type=\"container\">\n\t\t<div class=\"elementor-element elementor-element-d4d5c1d e-con-full e-flex e-con e-child\" data-id=\"d4d5c1d\" data-element_type=\"container\" data-e-type=\"container\">\n\t\t\t\t<\/div>\n\t\t\t\t<\/div>\n\t\t<div class=\"elementor-element elementor-element-5a4dca5 e-con-full e-flex e-con e-child\" data-id=\"5a4dca5\" data-element_type=\"container\" data-e-type=\"container\">\n\t\t<div class=\"elementor-element elementor-element-9089bb0 e-con-full e-flex e-con e-child\" data-id=\"9089bb0\" data-element_type=\"container\" data-e-type=\"container\">\n\t\t\t\t<div class=\"elementor-element elementor-element-7f8eb35 elementor-widget elementor-widget-heading\" data-id=\"7f8eb35\" data-element_type=\"widget\" data-e-type=\"widget\" data-widget_type=\"heading.default\">\n\t\t\t\t\t<h3 class=\"elementor-heading-title elementor-size-default\">Avantages :<\/h3>\t\t\t\t<\/div>\n\t\t\t\t<div class=\"elementor-element elementor-element-5306cde elementor-widget elementor-widget-text-editor\" data-id=\"5306cde\" data-element_type=\"widget\" data-e-type=\"widget\" data-widget_type=\"text-editor.default\">\n\t\t\t\t\t\t\t\t\t<div class=\"checklist body-color\"><ul><li style=\"list-style-type: none;\"><ul><li><i class=\"fas fa-check-circle\"><\/i>Proc\u00e9dure peu invasive avec une gu\u00e9rison rapide<\/li><li><i class=\"fas fa-check-circle\"><\/i>Traitement possible pour des erreurs de r\u00e9fraction tr\u00e8s \u00e9lev\u00e9es<\/li><li><i class=\"fas fa-check-circle\"><\/i>Convient aux patients ayant des yeux secs ou des corn\u00e9es minces<\/li><li><i class=\"fas fa-check-circle\"><\/i>R\u00e9versible (la lentille peut \u00eatre facilement retir\u00e9e)<\/li><li><i class=\"fas fa-check-circle\"><\/i> Mat\u00e9riau Collamer unique avec protection UV<\/li><li><i class=\"fas fa-check-circle\"><\/i><div class=\"flex_column av-1u551a-3338d6a1eb1083d87eef083b0bc3d29c av_one_half  avia-builder-el-20  el_after_av_one_full  el_before_av_one_half  first flex_column_table_cell av-equal-height-column av-align-middle av-zero-column-padding  column-top-margin\"><section class=\"av_textblock_section av-g4jfzi-5649733edbfa0f28818828c6ae4a3e97 \"><div class=\"avia_textblock\"><p>Chaque ICL est personnalis\u00e9e individuellement et ni ressentie ni visible<\/p><\/div><\/section><\/div><\/li><\/ul><\/li><\/ul><\/div>\t\t\t\t\t\t\t\t<\/div>\n\t\t\t\t<\/div>\n\t\t<div class=\"elementor-element elementor-element-943baf3 e-con-full e-flex e-con e-child\" data-id=\"943baf3\" data-element_type=\"container\" data-e-type=\"container\">\n\t\t\t\t<div class=\"elementor-element elementor-element-605f5a2 elementor-widget elementor-widget-heading\" data-id=\"605f5a2\" data-element_type=\"widget\" data-e-type=\"widget\" data-widget_type=\"heading.default\">\n\t\t\t\t\t<h3 class=\"elementor-heading-title elementor-size-default\">Processus pr\u00e9op\u00e9ratoire :<\/h3>\t\t\t\t<\/div>\n\t\t\t\t<div class=\"elementor-element elementor-element-3197b67 elementor-widget elementor-widget-text-editor\" data-id=\"3197b67\" data-element_type=\"widget\" data-e-type=\"widget\" data-widget_type=\"text-editor.default\">\n\t\t\t\t\t\t\t\t\t<p>L\u2019objectif\u00a0<strong>d\u2019une premi\u00e8re consultation est de d\u00e9terminer si l\u2019implantation de l\u2019ICL vous convient<\/strong>. Les patients \u00e0 partir de 18 ans ayant des erreurs de r\u00e9fraction \u00e9lev\u00e9es, des corn\u00e9es minces ou des yeux secs sont des candidats appropri\u00e9s pour cette m\u00e9thode. Lors d\u2019un examen pr\u00e9op\u00e9ratoire, le chirurgien \u00e9limine certaines affections oculaires et s\u2019assure que toutes les exigences anatomiques n\u00e9cessaires sont remplies.\u00a0<strong>Les r\u00e9sultats sont ensuite discut\u00e9s avec vous, et si vous le souhaitez, un rendez-vous pour la chirurgie peut \u00eatre programm\u00e9<\/strong>.<\/p>\t\t\t\t\t\t\t\t<\/div>\n\t\t\t\t<\/div>\n\t\t\t\t<\/div>\n\t\t<div class=\"elementor-element elementor-element-94fccd5 e-con-full e-flex e-con e-child\" data-id=\"94fccd5\" data-element_type=\"container\" data-e-type=\"container\">\n\t\t<div class=\"elementor-element elementor-element-3a25449 e-con-full e-flex e-con e-child\" data-id=\"3a25449\" data-element_type=\"container\" data-e-type=\"container\">\n\t\t\t\t<div class=\"elementor-element elementor-element-ecf0be8 elementor-widget elementor-widget-heading\" data-id=\"ecf0be8\" data-element_type=\"widget\" data-e-type=\"widget\" data-widget_type=\"heading.default\">\n\t\t\t\t\t<h3 class=\"elementor-heading-title elementor-size-default\">Proc\u00e9dure :<\/h3>\t\t\t\t<\/div>\n\t\t\t\t<div class=\"elementor-element elementor-element-d378040 elementor-widget elementor-widget-text-editor\" data-id=\"d378040\" data-element_type=\"widget\" data-e-type=\"widget\" data-widget_type=\"text-editor.default\">\n\t\t\t\t\t\t\t\t\t<div class=\"checklist body-color\"><ul><li style=\"list-style-type: none;\"><ul><li><i class=\"fas fa-check-circle\"><\/i>La proc\u00e9dure est r\u00e9alis\u00e9e en ambulatoire.<\/li><li><i class=\"fas fa-check-circle\"><\/i>La proc\u00e9dure est indolore.<\/li><li><i class=\"fas fa-check-circle\"><\/i>L\u2019anesth\u00e9sie locale est administr\u00e9e par l\u2019application de gouttes anesth\u00e9siques.<\/li><li><i class=\"fas fa-check-circle\"><\/i>La lentille est plac\u00e9e sans douleur derri\u00e8re l\u2019iris par une petite ouverture.<\/li><li><i class=\"fas fa-check-circle\"><\/i>La proc\u00e9dure dure environ 10 \u00e0 15 minutes par \u0153il.<\/li><li><i class=\"fas fa-check-circle\"><\/i><div class=\"flex_column av-1u551a-3338d6a1eb1083d87eef083b0bc3d29c av_one_half avia-builder-el-20 el_after_av_one_full el_before_av_one_half first flex_column_table_cell av-equal-height-column av-align-middle av-zero-column-padding column-top-margin\"><section class=\"av_textblock_section av-g4jfzi-5649733edbfa0f28818828c6ae4a3e97 \"><div class=\"avia_textblock\"><p>Les deux yeux sont op\u00e9r\u00e9s le m\u00eame jour.<\/p><\/div><\/section><\/div><\/li><\/ul><\/li><\/ul><\/div>\t\t\t\t\t\t\t\t<\/div>\n\t\t\t\t<\/div>\n\t\t<div class=\"elementor-element elementor-element-aa9b00b e-con-full e-flex e-con e-child\" data-id=\"aa9b00b\" data-element_type=\"container\" data-e-type=\"container\">\n\t\t\t\t<div class=\"elementor-element elementor-element-ce07f28 elementor-widget elementor-widget-heading\" data-id=\"ce07f28\" data-element_type=\"widget\" data-e-type=\"widget\" data-widget_type=\"heading.default\">\n\t\t\t\t\t<h3 class=\"elementor-heading-title elementor-size-default\">Postop\u00e9ratoire :\n<\/h3>\t\t\t\t<\/div>\n\t\t\t\t<div class=\"elementor-element elementor-element-efb1651 elementor-widget elementor-widget-text-editor\" data-id=\"efb1651\" data-element_type=\"widget\" data-e-type=\"widget\" data-widget_type=\"text-editor.default\">\n\t\t\t\t\t\t\t\t\t<div class=\"checklist body-color\"><ul><li style=\"list-style-type: none;\"><ul><li><i class=\"fas fa-check-circle\"><\/i>Nous recommandons de porter des lunettes de soleil pour protection imm\u00e9diatement apr\u00e8s la chirurgie.<\/li><li><i class=\"fas fa-check-circle\"><\/i>Faites-vous raccompagner par une personne.<\/li><li><i class=\"fas fa-check-circle\"><\/i>\u00c9vitez de vous frotter les yeux.<\/li><li><i class=\"fas fa-check-circle\"><\/i>Les rendez-vous de contr\u00f4le sont pr\u00e9vus pour un jour, une semaine et un mois.<\/li><li><i class=\"fas fa-check-circle\"><\/i>La proc\u00e9dure dure environ 10 \u00e0 15 minutes par \u0153il.<\/li><li><i class=\"fas fa-check-circle\"><\/i><div class=\"flex_column av-1u551a-3338d6a1eb1083d87eef083b0bc3d29c av_one_half avia-builder-el-20 el_after_av_one_full el_before_av_one_half first flex_column_table_cell av-equal-height-column av-align-middle av-zero-column-padding column-top-margin\"><section class=\"av_textblock_section av-g4jfzi-5649733edbfa0f28818828c6ae4a3e97 \"><div class=\"avia_textblock\"><p>La conduite et le travail sont g\u00e9n\u00e9ralement autoris\u00e9s d\u00e8s le lendemain de la chirurgie.<\/p><\/div><\/section><\/div><\/li><\/ul><\/li><\/ul><\/div>\t\t\t\t\t\t\t\t<\/div>\n\t\t\t\t<\/div>\n\t\t\t\t<\/div>\n\t\t\t\t<\/div>\n\t\t\t\t\t<\/div>\n\t\t\t\t<\/div>\n\t\t\t\t<\/div>\n\t\t","protected":false},"excerpt":{"rendered":"<p>Nos Services Explorations ophtalmologiques Adaptation lentilles de contact Chirurgie de la Cataracte Cataracte secondaire Pt\u00e9rygion et Pingu\u00e9cula Chalazion Bl\u00e9pharoplastie Injections intravitr\u00e9ennes Chirurgie r\u00e9fractive Implant\u00a0PHAQUE Heures de travail Lundi- Vendredi :9 am &#8211; 6:30 pm Samedi 9 am &#8211; 1 pm DimancheFerm\u00e9 Qu\u2019est-ce que lentille de contact intraoculaire ? L\u2019implantation ICL\u00a0est une m\u00e9thode r\u00e9volutionnaire et peu&#8230;<\/p>\n","protected":false},"author":1,"featured_media":0,"parent":0,"menu_order":0,"comment_status":"closed","ping_status":"closed","template":"template-builder.php","meta":{"footnotes":""},"class_list":["post-3234","page","type-page","status-publish","hentry"],"_links":{"self":[{"href":"https:\/\/dr-atidihanane.com\/index.php?rest_route=\/wp\/v2\/pages\/3234","targetHints":{"allow":["GET"]}}],"collection":[{"href":"https:\/\/dr-atidihanane.com\/index.php?rest_route=\/wp\/v2\/pages"}],"about":[{"href":"https:\/\/dr-atidihanane.com\/index.php?rest_route=\/wp\/v2\/types\/page"}],"author":[{"embeddable":true,"href":"https:\/\/dr-atidihanane.com\/index.php?rest_route=\/wp\/v2\/users\/1"}],"replies":[{"embeddable":true,"href":"https:\/\/dr-atidihanane.com\/index.php?rest_route=%2Fwp%2Fv2%2Fcomments&post=3234"}],"version-history":[{"count":14,"href":"https:\/\/dr-atidihanane.com\/index.php?rest_route=\/wp\/v2\/pages\/3234\/revisions"}],"predecessor-version":[{"id":3522,"href":"https:\/\/dr-atidihanane.com\/index.php?rest_route=\/wp\/v2\/pages\/3234\/revisions\/3522"}],"wp:attachment":[{"href":"https:\/\/dr-atidihanane.com\/index.php?rest_route=%2Fwp%2Fv2%2Fmedia&parent=3234"}],"curies":[{"name":"wp","href":"https:\/\/api.w.org\/{rel}","templated":true}]}}