{"id":3174,"date":"2025-08-03T16:46:29","date_gmt":"2025-08-03T16:46:29","guid":{"rendered":"https:\/\/test-b96bf2.ingress-florina.ewp.live\/?page_id=3174"},"modified":"2025-08-06T15:25:37","modified_gmt":"2025-08-06T15:25:37","slug":"traitement-de-cornee","status":"publish","type":"page","link":"https:\/\/dr-atidihanane.com\/?page_id=3174","title":{"rendered":"Explorations ophtalmologiques"},"content":{"rendered":"\t\t<div data-elementor-type=\"wp-page\" data-elementor-id=\"3174\" class=\"elementor elementor-3174\">\n\t\t\t\t<div class=\"elementor-element elementor-element-38465f3 e-flex e-con-boxed e-con e-parent\" data-id=\"38465f3\" data-element_type=\"container\" data-e-type=\"container\">\n\t\t\t\t\t<div class=\"e-con-inner\">\n\t\t<div class=\"elementor-element elementor-element-e0290df e-con-full sidebar-area e-flex e-con e-child\" data-id=\"e0290df\" data-element_type=\"container\" data-e-type=\"container\">\n\t\t<div class=\"elementor-element elementor-element-c17f944 e-con-full e-flex e-con e-child\" data-id=\"c17f944\" data-element_type=\"container\" data-e-type=\"container\">\n\t\t\r\n\t\t<div class=\"elementor-element elementor-element-1fa503d widget widget_search   elementor-widget elementor-widget-wp-widget-mediax_search_form_widget\" data-id=\"1fa503d\" data-element_type=\"widget\" data-e-type=\"widget\" data-widget_type=\"wp-widget-mediax_search_form_widget.default\">\n\t\t\t\t<div class=\"elementor-widget-container\">\n\t\t\t\t\t<form class=\"search-form\" action=\"https:\/\/dr-atidihanane.com\/\"><input type=\"text\" name=\"s\" placeholder=\"Entrez un mot-cl\u00e9\"><button type=\"submit\"><i class=\"far fa-search\"><\/i><\/button><\/form>\t\t\t\t<\/div>\n\t\t\t\t<\/div>\n\t\t\t\t<\/div>\n\t\t<div class=\"elementor-element elementor-element-5e987f5 e-con-full e-flex e-con e-child\" data-id=\"5e987f5\" data-element_type=\"container\" data-e-type=\"container\">\n\t\t\t\t<div class=\"elementor-element elementor-element-26ef932 elementor-widget elementor-widget-mediaxservicelist\" data-id=\"26ef932\" data-element_type=\"widget\" data-e-type=\"widget\" data-widget_type=\"mediaxservicelist.default\">\n\t\t\t\t<div class=\"elementor-widget-container\">\n\t\t\t\t\t<div class=\"widget widget_categories\"><h3 class=\"widget_title\">Nos Services<\/h3><ul><li><a href=\"https:\/\/dr-atidihanane.com\/?page_id=3174\">Explorations ophtalmologiques\n<\/a><\/li><li><a href=\"https:\/\/dr-atidihanane.com\/?page_id=3146\">Adaptation lentilles de contact\n<\/a><\/li><li><a href=\"https:\/\/dr-atidihanane.com\/?page_id=3257\">Chirurgie de la Cataracte\n<\/a><\/li><li><a href=\"https:\/\/dr-atidihanane.com\/?page_id=3265\">Cataracte secondaire\n<\/a><\/li><li><a href=\"https:\/\/dr-atidihanane.com\/?page_id=3287\">Pt\u00e9rygion et Pingu\u00e9cula\n<\/a><\/li><li><a href=\"https:\/\/dr-atidihanane.com\/?page_id=3265\">Chalazion<\/a><\/li><li><a href=\"https:\/\/dr-atidihanane.com\/?page_id=3272\">Bl\u00e9pharoplastie<\/a><\/li><li><a href=\"https:\/\/dr-atidihanane.com\/?page_id=3244\">Injections intravitr\u00e9ennes\n<\/a><\/li><li><a href=\"https:\/\/dr-atidihanane.com\/?page_id=3157\">Chirurgie r\u00e9fractive<\/a><\/li><li><a href=\"https:\/\/dr-atidihanane.com\/?page_id=3234\">Implant\u00a0PHAQUE<\/a><\/li><\/ul><\/div>\t\t\t\t<\/div>\n\t\t\t\t<\/div>\n\t\t\t\t<\/div>\n\t\t<div class=\"elementor-element elementor-element-b1b006e e-con-full e-flex e-con e-child\" data-id=\"b1b006e\" data-element_type=\"container\" data-e-type=\"container\">\n\t\t\t\t<div class=\"elementor-element elementor-element-3150d90 elementor-widget elementor-widget-mediaxfeatures\" data-id=\"3150d90\" data-element_type=\"widget\" data-e-type=\"widget\" data-widget_type=\"mediaxfeatures.default\">\n\t\t\t\t<div class=\"elementor-widget-container\">\n\t\t\t\t\t<div class=\"tab-schedule\"><h3 class=\"widget_title\">Heures de travail<\/h3><p class=\"box-text\">Lundi- Vendredi :<span>9 am - 6:30 pm<\/span><\/p><p class=\"box-text\">Samedi <span>9 am - 1 pm<\/span><\/p><p class=\"box-text\">Dimanche<span>Ferm\u00e9<\/span><\/p><\/div>\t\t\t\t<\/div>\n\t\t\t\t<\/div>\n\t\t\t\t<\/div>\n\t\t\t\t<\/div>\n\t\t<div class=\"elementor-element elementor-element-e84d2c6 e-con-full e-flex e-con e-child\" data-id=\"e84d2c6\" data-element_type=\"container\" data-e-type=\"container\">\n\t\t\t\t<div class=\"elementor-element elementor-element-2b41235 elementor-widget elementor-widget-image\" data-id=\"2b41235\" data-element_type=\"widget\" data-e-type=\"widget\" data-widget_type=\"image.default\">\n\t\t\t\t\t\t\t\t\t\t\t\t\t\t\t<img fetchpriority=\"high\" decoding=\"async\" width=\"790\" height=\"450\" src=\"https:\/\/dr-atidihanane.com\/wp-content\/uploads\/2025\/08\/Quest-ce-que-la-chirurgie-refractive-2.png\" class=\"attachment-full size-full wp-image-3178\" alt=\"\" srcset=\"https:\/\/dr-atidihanane.com\/wp-content\/uploads\/2025\/08\/Quest-ce-que-la-chirurgie-refractive-2.png 790w, https:\/\/dr-atidihanane.com\/wp-content\/uploads\/2025\/08\/Quest-ce-que-la-chirurgie-refractive-2-300x171.png 300w, https:\/\/dr-atidihanane.com\/wp-content\/uploads\/2025\/08\/Quest-ce-que-la-chirurgie-refractive-2-768x437.png 768w, https:\/\/dr-atidihanane.com\/wp-content\/uploads\/2025\/08\/Quest-ce-que-la-chirurgie-refractive-2-332x190.png 332w\" sizes=\"(max-width: 790px) 100vw, 790px\" \/>\t\t\t\t\t\t\t\t\t\t\t\t\t\t\t<\/div>\n\t\t\t\t<div class=\"elementor-element elementor-element-a2c80b1 elementor-widget elementor-widget-heading\" data-id=\"a2c80b1\" data-element_type=\"widget\" data-e-type=\"widget\" data-widget_type=\"heading.default\">\n\t\t\t\t\t<h2 class=\"elementor-heading-title elementor-size-default\"> Qu\u2019est-ce que les explorations oculaires ?<\/h2>\t\t\t\t<\/div>\n\t\t\t\t<div class=\"elementor-element elementor-element-04381a4 elementor-widget elementor-widget-text-editor\" data-id=\"04381a4\" data-element_type=\"widget\" data-e-type=\"widget\" data-widget_type=\"text-editor.default\">\n\t\t\t\t\t\t\t\t\t<p>Les explorations oculaires regroupent un ensemble d\u2019examens techniques permettant d\u2019analyser pr\u00e9cis\u00e9ment les diff\u00e9rentes structures de l\u2019\u0153il. Elles sont essentielles pour poser un diagnostic fiable, suivre l\u2019\u00e9volution d\u2019une pathologie ou pr\u00e9parer une intervention chirurgicale comme la chirurgie de la cataracte ou de la corn\u00e9e.<\/p>\t\t\t\t\t\t\t\t<\/div>\n\t\t\t\t<div class=\"elementor-element elementor-element-5a313c0 elementor-widget elementor-widget-text-editor\" data-id=\"5a313c0\" data-element_type=\"widget\" data-e-type=\"widget\" data-widget_type=\"text-editor.default\">\n\t\t\t\t\t\t\t\t\t<p data-start=\"565\" data-end=\"726\">Gr\u00e2ce \u00e0 des appareils de haute technologie, ces examens sont non invasifs, rapides et indolores.<\/p>\t\t\t\t\t\t\t\t<\/div>\n\t\t\t\t<div class=\"elementor-element elementor-element-599b783 elementor-widget elementor-widget-heading\" data-id=\"599b783\" data-element_type=\"widget\" data-e-type=\"widget\" data-widget_type=\"heading.default\">\n\t\t\t\t\t<h3 class=\"elementor-heading-title elementor-size-default\">Nos explorations propos\u00e9es<\/h3>\t\t\t\t<\/div>\n\t\t\t\t<div class=\"elementor-element elementor-element-cc735a2 elementor-widget elementor-widget-text-editor\" data-id=\"cc735a2\" data-element_type=\"widget\" data-e-type=\"widget\" data-widget_type=\"text-editor.default\">\n\t\t\t\t\t\t\t\t\t<p>Afin d\u2019\u00e9valuer pr\u00e9cis\u00e9ment l\u2019\u00e9tat de vos yeux, nous r\u00e9alisons diff\u00e9rents examens compl\u00e9mentaires adapt\u00e9s \u00e0 chaque situation. Ces explorations permettent de d\u00e9tecter des pathologies, de suivre leur \u00e9volution ou de pr\u00e9parer une intervention chirurgicale en toute s\u00e9curit\u00e9.<\/p>\t\t\t\t\t\t\t\t<\/div>\n\t\t<div class=\"elementor-element elementor-element-47e808a e-con-full e-flex e-con e-child\" data-id=\"47e808a\" data-element_type=\"container\" data-e-type=\"container\">\n\t\t<div class=\"elementor-element elementor-element-953e5d5 e-con-full e-flex e-con e-child\" data-id=\"953e5d5\" data-element_type=\"container\" data-e-type=\"container\">\n\t\t\t\t<div class=\"elementor-element elementor-element-f50df42 elementor-widget elementor-widget-image\" data-id=\"f50df42\" data-element_type=\"widget\" data-e-type=\"widget\" data-widget_type=\"image.default\">\n\t\t\t\t\t\t\t\t\t\t\t\t\t\t\t<img decoding=\"async\" width=\"376\" height=\"300\" src=\"https:\/\/dr-atidihanane.com\/wp-content\/uploads\/2025\/08\/Design-sans-titre-2025-08-03T184301.330.png\" class=\"attachment-full size-full wp-image-3224\" alt=\"\" srcset=\"https:\/\/dr-atidihanane.com\/wp-content\/uploads\/2025\/08\/Design-sans-titre-2025-08-03T184301.330.png 376w, https:\/\/dr-atidihanane.com\/wp-content\/uploads\/2025\/08\/Design-sans-titre-2025-08-03T184301.330-300x239.png 300w\" sizes=\"(max-width: 376px) 100vw, 376px\" \/>\t\t\t\t\t\t\t\t\t\t\t\t\t\t\t<\/div>\n\t\t\t\t<\/div>\n\t\t<div class=\"elementor-element elementor-element-d4d5c1d e-con-full e-flex e-con e-child\" data-id=\"d4d5c1d\" data-element_type=\"container\" data-e-type=\"container\">\n\t\t\t\t<div class=\"elementor-element elementor-element-55c0ae9 elementor-widget elementor-widget-text-editor\" data-id=\"55c0ae9\" data-element_type=\"widget\" data-e-type=\"widget\" data-widget_type=\"text-editor.default\">\n\t\t\t\t\t\t\t\t\t<div class=\"checklist body-color\"><ul><li><i class=\"fas fa-check-circle\"><\/i>\u00c9chographie oculaire : Permet d&#8217;examiner l\u2019int\u00e9rieur de l\u2019\u0153il, notamment en cas d\u2019opacit\u00e9 (cataracte dense, h\u00e9morragie, etc.).<\/li><li><i class=\"fas fa-check-circle\"><\/i>Biom\u00e9trie oculaire : Mesure la longueur de l\u2019\u0153il et d\u2019autres param\u00e8tres pour calculer la puissance de l\u2019implant \u00e0 poser lors d\u2019une chirurgie de la cataracte.<\/li><li><i class=\"fas fa-check-circle\"><\/i>Topographie corn\u00e9enne : Analyse en 3D la surface de la corn\u00e9e afin de d\u00e9tecter des irr\u00e9gularit\u00e9s ou des maladies comme le k\u00e9ratoc\u00f4ne.<\/li><\/ul><div class=\"checklist body-color\"><ul><li><i class=\"fas fa-check-circle\"><\/i>OCT (Tomographie par Coh\u00e9rence Optique) : Examen en coupe tr\u00e8s pr\u00e9cis de la r\u00e9tine et du nerf optique, utile dans le suivi du glaucome, de la DMLA et des pathologies maculaires.<\/li><li><i class=\"fas fa-check-circle\"><\/i>Champ visuel automatis\u00e9: Permet de d\u00e9tecter et suivre les pertes de vision p\u00e9riph\u00e9rique, notamment en cas de glaucome.<\/li><li>\u00a0<\/li><\/ul><\/div><\/div>\t\t\t\t\t\t\t\t<\/div>\n\t\t\t\t<\/div>\n\t\t\t\t<\/div>\n\t\t<div class=\"elementor-element elementor-element-5a4dca5 e-con-full e-flex e-con e-child\" data-id=\"5a4dca5\" data-element_type=\"container\" data-e-type=\"container\">\n\t\t<div class=\"elementor-element elementor-element-9089bb0 e-con-full e-flex e-con e-child\" data-id=\"9089bb0\" data-element_type=\"container\" data-e-type=\"container\">\n\t\t\t\t<div class=\"elementor-element elementor-element-7f8eb35 elementor-widget elementor-widget-heading\" data-id=\"7f8eb35\" data-element_type=\"widget\" data-e-type=\"widget\" data-widget_type=\"heading.default\">\n\t\t\t\t\t<h3 class=\"elementor-heading-title elementor-size-default\"> Pourquoi nous choisir ?<\/h3>\t\t\t\t<\/div>\n\t\t\t\t<div class=\"elementor-element elementor-element-9719a3e elementor-widget elementor-widget-text-editor\" data-id=\"9719a3e\" data-element_type=\"widget\" data-e-type=\"widget\" data-widget_type=\"text-editor.default\">\n\t\t\t\t\t\t\t\t\t<p>Nos explorations sont r\u00e9alis\u00e9es avec du mat\u00e9riel \u00e0 la pointe de la technologie, par une \u00e9quipe exp\u00e9riment\u00e9e.<\/p>\t\t\t\t\t\t\t\t<\/div>\n\t\t\t\t<div class=\"elementor-element elementor-element-5306cde elementor-widget elementor-widget-text-editor\" data-id=\"5306cde\" data-element_type=\"widget\" data-e-type=\"widget\" data-widget_type=\"text-editor.default\">\n\t\t\t\t\t\t\t\t\t<div class=\"checklist body-color\"><ul><li><i class=\"fas fa-check-circle\"><\/i>Examens rapides, indolores et fiables<\/li><li><i class=\"fas fa-check-circle\"><\/i>Mat\u00e9riel de haute pr\u00e9cision<\/li><li><i class=\"fas fa-check-circle\"><\/i>R\u00e9sultats interpr\u00e9t\u00e9s par des ophtalmologues qualifi\u00e9s<\/li><li><i class=\"fas fa-check-circle\"><\/i>Int\u00e9gration des r\u00e9sultats dans votre plan de soin personnalis\u00e9<\/li><li><i class=\"fas fa-check-circle\"><\/i> Suivi dans le temps pour une prise en charge compl\u00e8te<\/li><\/ul><\/div>\t\t\t\t\t\t\t\t<\/div>\n\t\t\t\t<\/div>\n\t\t<div class=\"elementor-element elementor-element-943baf3 e-con-full e-flex e-con e-child\" data-id=\"943baf3\" data-element_type=\"container\" data-e-type=\"container\">\n\t\t\t\t<div class=\"elementor-element elementor-element-605f5a2 elementor-widget elementor-widget-heading\" data-id=\"605f5a2\" data-element_type=\"widget\" data-e-type=\"widget\" data-widget_type=\"heading.default\">\n\t\t\t\t\t<h3 class=\"elementor-heading-title elementor-size-default\"> Plan Bilan Visuel Complet<\/h3>\t\t\t\t<\/div>\n\t\t\t\t<div class=\"elementor-element elementor-element-3197b67 elementor-widget elementor-widget-text-editor\" data-id=\"3197b67\" data-element_type=\"widget\" data-e-type=\"widget\" data-widget_type=\"text-editor.default\">\n\t\t\t\t\t\t\t\t\t<p>Un forfait de d\u00e9pistage visuel complet incluant plusieurs explorations selon vos besoins.<\/p>\t\t\t\t\t\t\t\t<\/div>\n\t\t\t\t<div class=\"elementor-element elementor-element-8fc2b99 elementor-widget elementor-widget-text-editor\" data-id=\"8fc2b99\" data-element_type=\"widget\" data-e-type=\"widget\" data-widget_type=\"text-editor.default\">\n\t\t\t\t\t\t\t\t\t<div class=\"checklist body-color\"><ul><li><i class=\"fas fa-check-circle\"><\/i>Examens personnalis\u00e9s selon l\u2019\u00e2ge et les ant\u00e9c\u00e9dents<\/li><li><i class=\"fas fa-check-circle\"><\/i>Dossier m\u00e9dical visuel complet<\/li><li><i class=\"fas fa-check-circle\"><\/i>Conseils adapt\u00e9s selon les r\u00e9sultats<\/li><li><i class=\"fas fa-check-circle\"><\/i>Suivi r\u00e9gulier et pr\u00e9ventif<\/li><\/ul><\/div>\t\t\t\t\t\t\t\t<\/div>\n\t\t\t\t<\/div>\n\t\t\t\t<\/div>\n\t\t\t\t<div class=\"elementor-element elementor-element-cb51e7e elementor-widget elementor-widget-heading\" data-id=\"cb51e7e\" data-element_type=\"widget\" data-e-type=\"widget\" data-widget_type=\"heading.default\">\n\t\t\t\t\t<h3 class=\"elementor-heading-title elementor-size-default\"> Nous sommes heureux de vous offrir une vision claire.<\/h3>\t\t\t\t<\/div>\n\t\t\t\t<div class=\"elementor-element elementor-element-97f1177 elementor-widget elementor-widget-text-editor\" data-id=\"97f1177\" data-element_type=\"widget\" data-e-type=\"widget\" data-widget_type=\"text-editor.default\">\n\t\t\t\t\t\t\t\t\t<p>Retrouvez le confort d\u2019une vision nette au quotidien gr\u00e2ce \u00e0 des lentilles adapt\u00e9es \u00e0 vos besoins. Notre \u00e9quipe est \u00e0 votre \u00e9coute pour vous conseiller et vous accompagner \u00e0 chaque \u00e9tape.<\/p>\t\t\t\t\t\t\t\t<\/div>\n\t\t\t\t<\/div>\n\t\t\t\t\t<\/div>\n\t\t\t\t<\/div>\n\t\t\t\t<\/div>\n\t\t","protected":false},"excerpt":{"rendered":"<p>Nos Services Explorations ophtalmologiques Adaptation lentilles de contact Chirurgie de la Cataracte Cataracte secondaire Pt\u00e9rygion et Pingu\u00e9cula Chalazion Bl\u00e9pharoplastie Injections intravitr\u00e9ennes Chirurgie r\u00e9fractive Implant\u00a0PHAQUE Heures de travail Lundi- Vendredi :9 am &#8211; 6:30 pm Samedi 9 am &#8211; 1 pm DimancheFerm\u00e9 Qu\u2019est-ce que les explorations oculaires ? Les explorations oculaires regroupent un ensemble d\u2019examens techniques&#8230;<\/p>\n","protected":false},"author":1,"featured_media":0,"parent":0,"menu_order":0,"comment_status":"closed","ping_status":"closed","template":"template-builder.php","meta":{"footnotes":""},"class_list":["post-3174","page","type-page","status-publish","hentry"],"_links":{"self":[{"href":"https:\/\/dr-atidihanane.com\/index.php?rest_route=\/wp\/v2\/pages\/3174","targetHints":{"allow":["GET"]}}],"collection":[{"href":"https:\/\/dr-atidihanane.com\/index.php?rest_route=\/wp\/v2\/pages"}],"about":[{"href":"https:\/\/dr-atidihanane.com\/index.php?rest_route=\/wp\/v2\/types\/page"}],"author":[{"embeddable":true,"href":"https:\/\/dr-atidihanane.com\/index.php?rest_route=\/wp\/v2\/users\/1"}],"replies":[{"embeddable":true,"href":"https:\/\/dr-atidihanane.com\/index.php?rest_route=%2Fwp%2Fv2%2Fcomments&post=3174"}],"version-history":[{"count":21,"href":"https:\/\/dr-atidihanane.com\/index.php?rest_route=\/wp\/v2\/pages\/3174\/revisions"}],"predecessor-version":[{"id":3498,"href":"https:\/\/dr-atidihanane.com\/index.php?rest_route=\/wp\/v2\/pages\/3174\/revisions\/3498"}],"wp:attachment":[{"href":"https:\/\/dr-atidihanane.com\/index.php?rest_route=%2Fwp%2Fv2%2Fmedia&parent=3174"}],"curies":[{"name":"wp","href":"https:\/\/api.w.org\/{rel}","templated":true}]}}