{"id":3146,"date":"2025-08-03T16:05:46","date_gmt":"2025-08-03T16:05:46","guid":{"rendered":"https:\/\/test-b96bf2.ingress-florina.ewp.live\/?page_id=3146"},"modified":"2025-08-06T15:26:01","modified_gmt":"2025-08-06T15:26:01","slug":"service-details-2","status":"publish","type":"page","link":"https:\/\/dr-atidihanane.com\/?page_id=3146","title":{"rendered":"Adaptation lentilles de contact"},"content":{"rendered":"\t\t<div data-elementor-type=\"wp-page\" data-elementor-id=\"3146\" class=\"elementor elementor-3146\">\n\t\t\t\t<div class=\"elementor-element elementor-element-38465f3 e-flex e-con-boxed e-con e-parent\" data-id=\"38465f3\" data-element_type=\"container\" data-e-type=\"container\">\n\t\t\t\t\t<div class=\"e-con-inner\">\n\t\t<div class=\"elementor-element elementor-element-e0290df e-con-full sidebar-area e-flex e-con e-child\" data-id=\"e0290df\" data-element_type=\"container\" data-e-type=\"container\">\n\t\t<div class=\"elementor-element elementor-element-c17f944 e-con-full e-flex e-con e-child\" data-id=\"c17f944\" data-element_type=\"container\" data-e-type=\"container\">\n\t\t\r\n\t\t<div class=\"elementor-element elementor-element-1fa503d widget widget_search   elementor-widget elementor-widget-wp-widget-mediax_search_form_widget\" data-id=\"1fa503d\" data-element_type=\"widget\" data-e-type=\"widget\" data-widget_type=\"wp-widget-mediax_search_form_widget.default\">\n\t\t\t\t<div class=\"elementor-widget-container\">\n\t\t\t\t\t<form class=\"search-form\" action=\"https:\/\/dr-atidihanane.com\/\"><input type=\"text\" name=\"s\" placeholder=\"Entrez un mot-cl\u00e9\"><button type=\"submit\"><i class=\"far fa-search\"><\/i><\/button><\/form>\t\t\t\t<\/div>\n\t\t\t\t<\/div>\n\t\t\t\t<\/div>\n\t\t<div class=\"elementor-element elementor-element-5e987f5 e-con-full e-flex e-con e-child\" data-id=\"5e987f5\" data-element_type=\"container\" data-e-type=\"container\">\n\t\t\t\t<div class=\"elementor-element elementor-element-b1ba904 elementor-widget elementor-widget-mediaxservicelist\" data-id=\"b1ba904\" data-element_type=\"widget\" data-e-type=\"widget\" data-widget_type=\"mediaxservicelist.default\">\n\t\t\t\t<div class=\"elementor-widget-container\">\n\t\t\t\t\t<div class=\"widget widget_categories\"><h3 class=\"widget_title\">Nos Services<\/h3><ul><li><a href=\"https:\/\/dr-atidihanane.com\/?page_id=3174\">Explorations ophtalmologiques\n<\/a><\/li><li><a href=\"https:\/\/dr-atidihanane.com\/?page_id=3146\">Adaptation lentilles de contact\n<\/a><\/li><li><a href=\"https:\/\/dr-atidihanane.com\/?page_id=3257\">Chirurgie de la Cataracte\n<\/a><\/li><li><a href=\"https:\/\/dr-atidihanane.com\/?page_id=3265\">Cataracte secondaire\n<\/a><\/li><li><a href=\"https:\/\/dr-atidihanane.com\/?page_id=3287\">Pt\u00e9rygion et Pingu\u00e9cula\n<\/a><\/li><li><a href=\"https:\/\/dr-atidihanane.com\/?page_id=3265\">Chalazion<\/a><\/li><li><a href=\"https:\/\/dr-atidihanane.com\/?page_id=3272\">Bl\u00e9pharoplastie<\/a><\/li><li><a href=\"https:\/\/dr-atidihanane.com\/?page_id=3244\">Injections intravitr\u00e9ennes\n<\/a><\/li><li><a href=\"https:\/\/dr-atidihanane.com\/?page_id=3157\">Chirurgie r\u00e9fractive<\/a><\/li><li><a href=\"https:\/\/dr-atidihanane.com\/?page_id=3234\">Implant\u00a0PHAQUE<\/a><\/li><\/ul><\/div>\t\t\t\t<\/div>\n\t\t\t\t<\/div>\n\t\t\t\t<\/div>\n\t\t<div class=\"elementor-element elementor-element-b1b006e e-con-full e-flex e-con e-child\" data-id=\"b1b006e\" data-element_type=\"container\" data-e-type=\"container\">\n\t\t\t\t<div class=\"elementor-element elementor-element-bf2b4c6 elementor-widget elementor-widget-mediaxfeatures\" data-id=\"bf2b4c6\" data-element_type=\"widget\" data-e-type=\"widget\" data-widget_type=\"mediaxfeatures.default\">\n\t\t\t\t<div class=\"elementor-widget-container\">\n\t\t\t\t\t<div class=\"tab-schedule\"><h3 class=\"widget_title\">Heures de travail<\/h3><p class=\"box-text\">Lundi- Vendredi :<span>9 am - 6:30 pm<\/span><\/p><p class=\"box-text\">Samedi <span>9 am - 1 pm<\/span><\/p><p class=\"box-text\">Dimanche<span>Ferm\u00e9<\/span><\/p><\/div>\t\t\t\t<\/div>\n\t\t\t\t<\/div>\n\t\t\t\t<\/div>\n\t\t\t\t<\/div>\n\t\t<div class=\"elementor-element elementor-element-e84d2c6 e-con-full e-flex e-con e-child\" data-id=\"e84d2c6\" data-element_type=\"container\" data-e-type=\"container\">\n\t\t\t\t<div class=\"elementor-element elementor-element-2b41235 elementor-widget elementor-widget-image\" data-id=\"2b41235\" data-element_type=\"widget\" data-e-type=\"widget\" data-widget_type=\"image.default\">\n\t\t\t\t\t\t\t\t\t\t\t\t\t\t\t<img fetchpriority=\"high\" decoding=\"async\" width=\"790\" height=\"450\" src=\"https:\/\/dr-atidihanane.com\/wp-content\/uploads\/2025\/08\/Design-sans-titre-2025-08-03T170729.543.png\" class=\"attachment-full size-full wp-image-3148\" alt=\"\" srcset=\"https:\/\/dr-atidihanane.com\/wp-content\/uploads\/2025\/08\/Design-sans-titre-2025-08-03T170729.543.png 790w, https:\/\/dr-atidihanane.com\/wp-content\/uploads\/2025\/08\/Design-sans-titre-2025-08-03T170729.543-300x171.png 300w, https:\/\/dr-atidihanane.com\/wp-content\/uploads\/2025\/08\/Design-sans-titre-2025-08-03T170729.543-768x437.png 768w, https:\/\/dr-atidihanane.com\/wp-content\/uploads\/2025\/08\/Design-sans-titre-2025-08-03T170729.543-332x190.png 332w\" sizes=\"(max-width: 790px) 100vw, 790px\" \/>\t\t\t\t\t\t\t\t\t\t\t\t\t\t\t<\/div>\n\t\t\t\t<div class=\"elementor-element elementor-element-a2c80b1 elementor-widget elementor-widget-heading\" data-id=\"a2c80b1\" data-element_type=\"widget\" data-e-type=\"widget\" data-widget_type=\"heading.default\">\n\t\t\t\t\t<h2 class=\"elementor-heading-title elementor-size-default\">Qu\u2019est-ce que les lentilles oculaires ?<\/h2>\t\t\t\t<\/div>\n\t\t\t\t<div class=\"elementor-element elementor-element-04381a4 elementor-widget elementor-widget-text-editor\" data-id=\"04381a4\" data-element_type=\"widget\" data-e-type=\"widget\" data-widget_type=\"text-editor.default\">\n\t\t\t\t\t\t\t\t\t<p>Les lentilles oculaires sont des dispositifs m\u00e9dicaux qui se placent directement sur la surface de l\u2019\u0153il pour corriger la vision. Elles offrent une alternative confortable et discr\u00e8te aux lunettes, tout en s\u2019adaptant \u00e0 divers troubles visuels : myopie, hyperm\u00e9tropie, astigmatisme, presbytie, etc.<\/p>\t\t\t\t\t\t\t\t<\/div>\n\t\t\t\t<div class=\"elementor-element elementor-element-5a313c0 elementor-widget elementor-widget-text-editor\" data-id=\"5a313c0\" data-element_type=\"widget\" data-e-type=\"widget\" data-widget_type=\"text-editor.default\">\n\t\t\t\t\t\t\t\t\t<p>Gr\u00e2ce aux avanc\u00e9es technologiques, les lentilles sont aujourd\u2019hui plus s\u00fbres, plus confortables et accessibles \u00e0 un plus large public.<\/p>\t\t\t\t\t\t\t\t<\/div>\n\t\t\t\t<div class=\"elementor-element elementor-element-599b783 elementor-widget elementor-widget-heading\" data-id=\"599b783\" data-element_type=\"widget\" data-e-type=\"widget\" data-widget_type=\"heading.default\">\n\t\t\t\t\t<h3 class=\"elementor-heading-title elementor-size-default\">Nos traitements<\/h3>\t\t\t\t<\/div>\n\t\t\t\t<div class=\"elementor-element elementor-element-cc735a2 elementor-widget elementor-widget-text-editor\" data-id=\"cc735a2\" data-element_type=\"widget\" data-e-type=\"widget\" data-widget_type=\"text-editor.default\">\n\t\t\t\t\t\t\t\t\t<p>Nos sp\u00e9cialistes en ophtalmologie vous accompagnent dans le choix et l\u2019adaptation de lentilles parfaitement adapt\u00e9es \u00e0 votre mode de vie et \u00e0 votre sant\u00e9 oculaire.<\/p>\t\t\t\t\t\t\t\t<\/div>\n\t\t<div class=\"elementor-element elementor-element-47e808a e-con-full e-flex e-con e-child\" data-id=\"47e808a\" data-element_type=\"container\" data-e-type=\"container\">\n\t\t<div class=\"elementor-element elementor-element-953e5d5 e-con-full e-flex e-con e-child\" data-id=\"953e5d5\" data-element_type=\"container\" data-e-type=\"container\">\n\t\t\t\t<div class=\"elementor-element elementor-element-f50df42 elementor-widget elementor-widget-image\" data-id=\"f50df42\" data-element_type=\"widget\" data-e-type=\"widget\" data-widget_type=\"image.default\">\n\t\t\t\t\t\t\t\t\t\t\t\t\t\t\t<img decoding=\"async\" width=\"376\" height=\"300\" src=\"https:\/\/dr-atidihanane.com\/wp-content\/uploads\/2025\/08\/Design-sans-titre-2025-08-03T171428.998.png\" class=\"attachment-full size-full wp-image-3149\" alt=\"\" srcset=\"https:\/\/dr-atidihanane.com\/wp-content\/uploads\/2025\/08\/Design-sans-titre-2025-08-03T171428.998.png 376w, https:\/\/dr-atidihanane.com\/wp-content\/uploads\/2025\/08\/Design-sans-titre-2025-08-03T171428.998-300x239.png 300w\" sizes=\"(max-width: 376px) 100vw, 376px\" \/>\t\t\t\t\t\t\t\t\t\t\t\t\t\t\t<\/div>\n\t\t\t\t<\/div>\n\t\t<div class=\"elementor-element elementor-element-d4d5c1d e-con-full e-flex e-con e-child\" data-id=\"d4d5c1d\" data-element_type=\"container\" data-e-type=\"container\">\n\t\t\t\t<div class=\"elementor-element elementor-element-55c0ae9 elementor-widget elementor-widget-text-editor\" data-id=\"55c0ae9\" data-element_type=\"widget\" data-e-type=\"widget\" data-widget_type=\"text-editor.default\">\n\t\t\t\t\t\t\t\t\t<div class=\"checklist body-color\"><ul><li><i class=\"fas fa-check-circle\"><\/i>Lentilles correctrices personnalis\u00e9es<\/li><li><i class=\"fas fa-check-circle\"><\/i>Lentilles souples ou rigides<\/li><li><i class=\"fas fa-check-circle\"><\/i>Lentilles journali\u00e8res, mensuelles ou prolong\u00e9es<\/li><\/ul><div class=\"checklist body-color\"><ul><li><i class=\"fas fa-check-circle\"><\/i>Lentilles th\u00e9rapeutiques pour les pathologies oculaires<\/li><li><i class=\"fas fa-check-circle\"><\/i>Lentilles pour s\u00e9cheresse oculaire<\/li><li><i class=\"fas fa-check-circle\"><\/i>\u00c9ducation \u00e0 l\u2019hygi\u00e8ne et \u00e0 l\u2019entretien<\/li><\/ul><\/div><\/div>\t\t\t\t\t\t\t\t<\/div>\n\t\t\t\t<\/div>\n\t\t\t\t<\/div>\n\t\t<div class=\"elementor-element elementor-element-5a4dca5 e-con-full e-flex e-con e-child\" data-id=\"5a4dca5\" data-element_type=\"container\" data-e-type=\"container\">\n\t\t<div class=\"elementor-element elementor-element-9089bb0 e-con-full e-flex e-con e-child\" data-id=\"9089bb0\" data-element_type=\"container\" data-e-type=\"container\">\n\t\t\t\t<div class=\"elementor-element elementor-element-7f8eb35 elementor-widget elementor-widget-heading\" data-id=\"7f8eb35\" data-element_type=\"widget\" data-e-type=\"widget\" data-widget_type=\"heading.default\">\n\t\t\t\t\t<h3 class=\"elementor-heading-title elementor-size-default\"> Pourquoi nous choisir ?<\/h3>\t\t\t\t<\/div>\n\t\t\t\t<div class=\"elementor-element elementor-element-9719a3e elementor-widget elementor-widget-text-editor\" data-id=\"9719a3e\" data-element_type=\"widget\" data-e-type=\"widget\" data-widget_type=\"text-editor.default\">\n\t\t\t\t\t\t\t\t\t<p>Nos optom\u00e9tristes et ophtalmologues travaillent avec rigueur pour vous garantir un confort visuel optimal et un accompagnement sur mesure.<\/p>\t\t\t\t\t\t\t\t<\/div>\n\t\t\t\t<div class=\"elementor-element elementor-element-5306cde elementor-widget elementor-widget-text-editor\" data-id=\"5306cde\" data-element_type=\"widget\" data-e-type=\"widget\" data-widget_type=\"text-editor.default\">\n\t\t\t\t\t\t\t\t\t<div class=\"checklist body-color\"><ul><li><i class=\"fas fa-check-circle\"><\/i> \u00c9quipement de diagnostic de haute pr\u00e9cision<\/li><li><i class=\"fas fa-check-circle\"><\/i>Produits certifi\u00e9s et de qualit\u00e9 professionnelle<\/li><li><i class=\"fas fa-check-circle\"><\/i>Suivi personnalis\u00e9 et ajustement des lentilles<\/li><li><i class=\"fas fa-check-circle\"><\/i>Conseils pratiques et pr\u00e9vention des irritations<\/li><li><i class=\"fas fa-check-circle\"><\/i>Service rapide et accueil bienveillant<\/li><\/ul><\/div>\t\t\t\t\t\t\t\t<\/div>\n\t\t\t\t<\/div>\n\t\t\t\t<\/div>\n\t\t\t\t<div class=\"elementor-element elementor-element-cb51e7e elementor-widget elementor-widget-heading\" data-id=\"cb51e7e\" data-element_type=\"widget\" data-e-type=\"widget\" data-widget_type=\"heading.default\">\n\t\t\t\t\t<h3 class=\"elementor-heading-title elementor-size-default\"> Nous sommes heureux de vous offrir une vision claire.<\/h3>\t\t\t\t<\/div>\n\t\t\t\t<div class=\"elementor-element elementor-element-97f1177 elementor-widget elementor-widget-text-editor\" data-id=\"97f1177\" data-element_type=\"widget\" data-e-type=\"widget\" data-widget_type=\"text-editor.default\">\n\t\t\t\t\t\t\t\t\t<p>Retrouvez le confort d\u2019une vision nette au quotidien gr\u00e2ce \u00e0 des lentilles adapt\u00e9es \u00e0 vos besoins. Notre \u00e9quipe est \u00e0 votre \u00e9coute pour vous conseiller et vous accompagner \u00e0 chaque \u00e9tape.<\/p>\t\t\t\t\t\t\t\t<\/div>\n\t\t\t\t<\/div>\n\t\t\t\t\t<\/div>\n\t\t\t\t<\/div>\n\t\t\t\t<\/div>\n\t\t","protected":false},"excerpt":{"rendered":"<p>Nos Services Explorations ophtalmologiques Adaptation lentilles de contact Chirurgie de la Cataracte Cataracte secondaire Pt\u00e9rygion et Pingu\u00e9cula Chalazion Bl\u00e9pharoplastie Injections intravitr\u00e9ennes Chirurgie r\u00e9fractive Implant\u00a0PHAQUE Heures de travail Lundi- Vendredi :9 am &#8211; 6:30 pm Samedi 9 am &#8211; 1 pm DimancheFerm\u00e9 Qu\u2019est-ce que les lentilles oculaires ? Les lentilles oculaires sont des dispositifs m\u00e9dicaux qui&#8230;<\/p>\n","protected":false},"author":1,"featured_media":0,"parent":0,"menu_order":0,"comment_status":"closed","ping_status":"closed","template":"template-builder.php","meta":{"footnotes":""},"class_list":["post-3146","page","type-page","status-publish","hentry"],"_links":{"self":[{"href":"https:\/\/dr-atidihanane.com\/index.php?rest_route=\/wp\/v2\/pages\/3146","targetHints":{"allow":["GET"]}}],"collection":[{"href":"https:\/\/dr-atidihanane.com\/index.php?rest_route=\/wp\/v2\/pages"}],"about":[{"href":"https:\/\/dr-atidihanane.com\/index.php?rest_route=\/wp\/v2\/types\/page"}],"author":[{"embeddable":true,"href":"https:\/\/dr-atidihanane.com\/index.php?rest_route=\/wp\/v2\/users\/1"}],"replies":[{"embeddable":true,"href":"https:\/\/dr-atidihanane.com\/index.php?rest_route=%2Fwp%2Fv2%2Fcomments&post=3146"}],"version-history":[{"count":15,"href":"https:\/\/dr-atidihanane.com\/index.php?rest_route=\/wp\/v2\/pages\/3146\/revisions"}],"predecessor-version":[{"id":3501,"href":"https:\/\/dr-atidihanane.com\/index.php?rest_route=\/wp\/v2\/pages\/3146\/revisions\/3501"}],"wp:attachment":[{"href":"https:\/\/dr-atidihanane.com\/index.php?rest_route=%2Fwp%2Fv2%2Fmedia&parent=3146"}],"curies":[{"name":"wp","href":"https:\/\/api.w.org\/{rel}","templated":true}]}}