{"id":26,"date":"2023-12-07T04:34:41","date_gmt":"2023-12-07T04:34:41","guid":{"rendered":"https:\/\/wordpress.themeholy.com\/mediax\/?page_id=26"},"modified":"2025-08-06T13:11:19","modified_gmt":"2025-08-06T13:11:19","slug":"about","status":"publish","type":"page","link":"https:\/\/dr-atidihanane.com\/?page_id=26","title":{"rendered":"Qui sommes-nous ?"},"content":{"rendered":"\t\t<div data-elementor-type=\"wp-page\" data-elementor-id=\"26\" class=\"elementor elementor-26\">\n\t\t\t\t<div class=\"elementor-element elementor-element-c11a95e e-flex e-con-boxed e-con e-parent\" data-id=\"c11a95e\" data-element_type=\"container\" data-e-type=\"container\">\n\t\t\t\t\t<div class=\"e-con-inner\">\n\t\t\r\n\t\t<div class=\"elementor-element elementor-element-30df94e elementor-widget__width-initial elementor-widget-tablet__width-initial elementor-widget-mobile__width-inherit elementor-widget elementor-widget-mediaxsectiontitle\" data-id=\"30df94e\" data-element_type=\"widget\" data-e-type=\"widget\" data-widget_type=\"mediaxsectiontitle.default\">\n\t\t\t\t<div class=\"elementor-widget-container\">\n\t\t\t\t\t\t\t\t<div class=\"title-area text-center \">\n\t\t\t\t<span class=\"sub-title \"><img decoding=\"async\" src=\"https:\/\/dr-atidihanane.com\/wp-content\/plugins\/mediax-core\/assets\/img\/title_icon.svg\" alt=\"Shape\">Pr\u00e9sentation<\/span><h2 class=\"sec-title \">La sant\u00e9 de vos yeux est notre priorit\u00e9<\/h2>\t\t\t<\/div>\n\t\t\t\t\t\t<\/div>\n\t\t\t\t<\/div>\n\t\t<div class=\"elementor-element elementor-element-fdbfd30 e-con-full e-flex e-con e-child\" data-id=\"fdbfd30\" data-element_type=\"container\" data-e-type=\"container\">\n\t\t<div class=\"elementor-element elementor-element-969dbd9 e-con-full e-flex e-con e-child\" data-id=\"969dbd9\" data-element_type=\"container\" data-e-type=\"container\">\n\t\t\t\t<div class=\"elementor-element elementor-element-62e321c elementor-widget elementor-widget-mediaximage\" data-id=\"62e321c\" data-element_type=\"widget\" data-e-type=\"widget\" data-widget_type=\"mediaximage.default\">\n\t\t\t\t<div class=\"elementor-widget-container\">\n\t\t\t\t\t<div class=\"img-box1\"><div class=\"img1\"><img decoding=\"async\" src=\"https:\/\/dr-atidihanane.com\/wp-content\/uploads\/2025\/08\/WhatsApp-Image-2025-08-05-a-17.24.22_0893ca8d.jpg\" alt=\"WhatsApp Image 2025 08 05 a 17.24.22_0893ca8d\"  \/><\/div><div class=\"about-info\"><h3 class=\"box-title\">Dr. ATIDI Hanane<\/h3><p class=\"box-text\">Sp\u00e9cialiste en Ophtalmologie<\/p><div class=\"box-review\"><i class=\"fa-sharp fa-solid fa-star\"><\/i><i class=\"fa-sharp fa-solid fa-star\"><\/i><i class=\"fa-sharp fa-solid fa-star\"><\/i><i class=\"fa-sharp fa-solid fa-star\"><\/i><i class=\"fa-sharp fa-solid fa-star\"><\/i> <\/div><a href=\"tel:+212661453668\" class=\"box-link\"><i class=\"fa-solid fa-phone\"><\/i>+212 661 45 36 68<\/a><\/div><\/div>\t\t\t\t<\/div>\n\t\t\t\t<\/div>\n\t\t\t\t<div class=\"elementor-element elementor-element-a75b898 elementor-widget elementor-widget-mediaxvideo\" data-id=\"a75b898\" data-element_type=\"widget\" data-e-type=\"widget\" data-widget_type=\"mediaxvideo.default\">\n\t\t\t\t<div class=\"elementor-widget-container\">\n\t\t\t\t\t<div class=\"about-video-wrap\"><div class=\"th-video about-video\"><img decoding=\"async\" src=\"https:\/\/dr-atidihanane.com\/wp-content\/uploads\/2025\/08\/WhatsApp-Image-2025-08-03-a-21.42.56_6b18e622.jpg\" alt=\"WhatsApp Image 2025 08 03 a 21.42.56_6b18e622\"  \/><\/div><div class=\"box-content\"><p class=\"box-text\">L\u2019\u00e9quipe du centre, qualifi\u00e9e et \u00e0 l\u2019\u00e9coute, vous accueille dans un environnement chaleureux et propose un large \u00e9ventail de consultations et d\u2019actes sp\u00e9cialis\u00e9s :\ntomographie en coh\u00e9rence optique (OCT), angiographie r\u00e9tinienne, \u00e9chographie oculaire, chirurgie r\u00e9fractive (PKR, Lasik, Smile), chirurgie de la cataracte, traitements du glaucome, injections intra-vitr\u00e9ennes, etc.<\/p><div class=\"about-contact-wrap\"><div class=\"about-contact\"><p class=\"box-label\">Assistance disponible 24\/7<\/p>\n<i class=\"fal fa-envelope\"><\/i> <a href=\"mailto:dr.atidihanane@gmail.com\">dr.atidihanane@gmail.com<\/a><\/h3><\/div><div class=\"about-contact\"><p class=\"box-label\">Online Schedule<\/p>\n<h3 class=\"box-title\">\n  <i class=\"fal fa-calendar-alt\"><\/i>\n  <a href=\"https:\/\/dr-atidihanane.com\/?page_id=1822\">Book Here<\/a>\n<\/h3>\n<\/div><\/div><\/div><\/div>\t\t\t\t<\/div>\n\t\t\t\t<\/div>\n\t\t\t\t<\/div>\n\t\t<div class=\"elementor-element elementor-element-36b5a72 e-con-full e-flex e-con e-child\" data-id=\"36b5a72\" data-element_type=\"container\" data-e-type=\"container\">\n\t\t\t\t<div class=\"elementor-element elementor-element-9fe5710 elementor-widget-tablet__width-initial elementor-widget elementor-widget-text-editor\" data-id=\"9fe5710\" data-element_type=\"widget\" data-e-type=\"widget\" data-widget_type=\"text-editor.default\">\n\t\t\t\t\t\t\t\t\t<p>Le <strong data-start=\"224\" data-end=\"268\">Centre d\u2019Ophtalmologie Ghandi \u2013 Attabari<\/strong> est un \u00e9tablissement moderne d\u00e9di\u00e9 \u00e0 la sant\u00e9 visuelle, situ\u00e9 \u00e0 Casablanca, au sein d\u2019un immeuble neuf \u00e0 usage exclusivement professionnel. Notre centre allie expertise m\u00e9dicale, \u00e9quipement de derni\u00e8re g\u00e9n\u00e9ration et cadre accueillant pour offrir \u00e0 chaque patient une prise en charge optimale.<\/p>\t\t\t\t\t\t\t\t<\/div>\n\t\t\t\t<div class=\"elementor-element elementor-element-6fe1ae3 elementor-widget-tablet__width-initial elementor-widget elementor-widget-text-editor\" data-id=\"6fe1ae3\" data-element_type=\"widget\" data-e-type=\"widget\" data-widget_type=\"text-editor.default\">\n\t\t\t\t\t\t\t\t\t<p><strong data-start=\"563\" data-end=\"582\">Dr Hanane Atidi<\/strong>, m\u00e9decin ophtalmologiste, y exerce avec une solide formation et une riche exp\u00e9rience acquise au sein d\u2019\u00e9tablissements nationaux et internationaux.<br data-start=\"729\" data-end=\"732\" \/>Elle est titulaire de :<\/p><ul data-start=\"758\" data-end=\"1088\"><li data-start=\"758\" data-end=\"837\"><p data-start=\"760\" data-end=\"837\">Un <strong data-start=\"763\" data-end=\"796\">doctorat en m\u00e9decine g\u00e9n\u00e9rale<\/strong> de la Facult\u00e9 de M\u00e9decine de Marrakech<\/p><\/li><li data-start=\"838\" data-end=\"910\"><p data-start=\"840\" data-end=\"910\">Un <strong data-start=\"843\" data-end=\"889\">dipl\u00f4me de sp\u00e9cialisation en ophtalmologie<\/strong> de la m\u00eame facult\u00e9<\/p><\/li><li data-start=\"911\" data-end=\"993\"><p data-start=\"913\" data-end=\"993\">Un <strong data-start=\"916\" data-end=\"958\">dipl\u00f4me universitaire en contactologie<\/strong> de l\u2019Universit\u00e9 Paris Versailles<\/p><\/li><li data-start=\"994\" data-end=\"1088\"><p data-start=\"996\" data-end=\"1088\">Un <strong data-start=\"999\" data-end=\"1048\">dipl\u00f4me universitaire en chirurgie r\u00e9fractive<\/strong> de la Facult\u00e9 de M\u00e9decine de Casablanca<\/p><\/li><\/ul><p data-start=\"1090\" data-end=\"1117\">Dr Atidi a exerc\u00e9 comme :<\/p><ul data-start=\"1118\" data-end=\"1450\"><li data-start=\"1118\" data-end=\"1175\"><p data-start=\"1120\" data-end=\"1175\">Ancienne <strong data-start=\"1129\" data-end=\"1148\">m\u00e9decin interne<\/strong> \u00e0 l\u2019h\u00f4pital de Marrakech<\/p><\/li><li data-start=\"1176\" data-end=\"1233\"><p data-start=\"1178\" data-end=\"1233\">Ancienne <strong data-start=\"1187\" data-end=\"1231\">ophtalmologue au CHU Med VI de Marrakech<\/strong><\/p><\/li><li data-start=\"1234\" data-end=\"1300\"><p data-start=\"1236\" data-end=\"1300\">Ancienne <strong data-start=\"1245\" data-end=\"1290\">ophtalmologue au Grand H\u00f4pital Francilien<\/strong> \u00e0 Paris<\/p><\/li><li data-start=\"1301\" data-end=\"1381\"><p data-start=\"1303\" data-end=\"1381\">Ancienne <strong data-start=\"1312\" data-end=\"1352\">ophtalmologue \u00e0 la clinique de l\u2019\u0153il<\/strong> en Californie \u2013 Casablanca<\/p><\/li><li data-start=\"1382\" data-end=\"1450\"><p data-start=\"1384\" data-end=\"1450\">Ancienne <strong data-start=\"1393\" data-end=\"1430\">ophtalmologue \u00e0 Ophtalmo Clinique<\/strong> \u2013 Oasis, Casablanca<\/p><\/li><\/ul>\t\t\t\t\t\t\t\t<\/div>\n\t\t\t\t<\/div>\n\t\t\t\t<\/div>\n\t\t\t\t\t<\/div>\n\t\t\t\t<\/div>\n\t\t<div class=\"elementor-element elementor-element-0b9acdd e-flex e-con-boxed e-con e-parent\" data-id=\"0b9acdd\" data-element_type=\"container\" data-e-type=\"container\" data-settings=\"{&quot;background_background&quot;:&quot;classic&quot;}\">\n\t\t\t\t\t<div class=\"e-con-inner\">\n\t\t\t\t<div class=\"elementor-element elementor-element-c307cf9 elementor-widget__width-initial elementor-widget-tablet__width-initial elementor-widget-mobile__width-inherit elementor-widget elementor-widget-mediaxsectiontitle\" data-id=\"c307cf9\" data-element_type=\"widget\" data-e-type=\"widget\" data-widget_type=\"mediaxsectiontitle.default\">\n\t\t\t\t<div class=\"elementor-widget-container\">\n\t\t\t\t\t\t\t\t<div class=\"title-area text-center \">\n\t\t\t\t<span class=\"sub-title \"><img decoding=\"async\" src=\"https:\/\/dr-atidihanane.com\/wp-content\/plugins\/mediax-core\/assets\/img\/title_icon.svg\" alt=\"Shape\">Why Choose Us<\/span><h2 class=\"sec-title \">Notre vision m\u00e9rite l\u2019excellence en soins oculaires<\/h2>\t\t\t<\/div>\n\t\t\t\t\t\t<\/div>\n\t\t\t\t<\/div>\n\t\t\t\t<div class=\"elementor-element elementor-element-233c1e7 elementor-widget elementor-widget-mediaxfeatures\" data-id=\"233c1e7\" data-element_type=\"widget\" data-e-type=\"widget\" data-widget_type=\"mediaxfeatures.default\">\n\t\t\t\t<div class=\"elementor-widget-container\">\n\t\t\t\t\t<div class=\"row gy-4\"><div class=\"col-xl-3 col-sm-6\"><div class=\"why-feature\" data-bg-src=\"https:\/\/wordpress.themeholy.com\/mediax\/wp-content\/uploads\/2023\/12\/why_feature_bg.png\"><div class=\"box-icon\"><img decoding=\"async\" src=\"https:\/\/dr-atidihanane.com\/wp-content\/uploads\/2023\/12\/choose_feature_1.svg\" alt=\"choose_feature_1\"  \/><\/div><h3 class=\"box-title\">Professionnels exp\u00e9riment\u00e9s <\/h3><p class=\"box-text\">Des produits certifi\u00e9s, utilis\u00e9s avec soin dans nos traitements.<\/p><\/div><\/div><div class=\"col-xl-3 col-sm-6\"><div class=\"why-feature\" data-bg-src=\"https:\/\/wordpress.themeholy.com\/mediax\/wp-content\/uploads\/2023\/12\/why_feature_bg.png\"><div class=\"box-icon\"><img decoding=\"async\" src=\"https:\/\/dr-atidihanane.com\/wp-content\/uploads\/2023\/12\/service_card_6.svg\" alt=\"service_card_6\"  \/><\/div><h3 class=\"box-title\">Chirurgie<\/h3><p class=\"box-text\">Interventions simples, s\u00fbres et rapides pour votre bien-\u00eatre.<\/p><\/div><\/div><div class=\"col-xl-3 col-sm-6\"><div class=\"why-feature\" data-bg-src=\"https:\/\/wordpress.themeholy.com\/mediax\/wp-content\/uploads\/2023\/12\/why_feature_bg.png\"><div class=\"box-icon\"><img decoding=\"async\" src=\"https:\/\/wordpress.themeholy.com\/mediax\/wp-content\/uploads\/2023\/12\/choose_feature_3.svg\" alt=\"choose_feature_3\"  \/><\/div><h3 class=\"box-title\">Produits professionnels certifi\u00e9s<\/h3><p class=\"box-text\">Nos produits utilis\u00e9s dans les traitements sont certifi\u00e9s et de qualit\u00e9 professionnelle reconnue.<\/p><\/div><\/div><div class=\"col-xl-3 col-sm-6\"><div class=\"why-feature\" data-bg-src=\"https:\/\/wordpress.themeholy.com\/mediax\/wp-content\/uploads\/2023\/12\/why_feature_bg.png\"><div class=\"box-icon\"><img decoding=\"async\" src=\"https:\/\/wordpress.themeholy.com\/mediax\/wp-content\/uploads\/2023\/12\/choose_feature_4.svg\" alt=\"choose_feature_4\"  \/><\/div><h3 class=\"box-title\">Soins avanc\u00e9s 24\/7 <\/h3><p class=\"box-text\">Soins avanc\u00e9s disponibles 24h\/24, 7j\/7 pour votre bien-\u00eatre.\n\n\n\n\n\n\n\n\n\nDemander \u00e0 ChatGPT\n<\/p><\/div><\/div><\/div>\t\t\t\t<\/div>\n\t\t\t\t<\/div>\n\t\t\t\t\t<\/div>\n\t\t\t\t<\/div>\n\t\t\t\t<\/div>\n\t\t","protected":false},"excerpt":{"rendered":"<p>Pr\u00e9sentation La sant\u00e9 de vos yeux est notre priorit\u00e9 Dr. ATIDI Hanane Sp\u00e9cialiste en Ophtalmologie +212 661 45 36 68 L\u2019\u00e9quipe du centre, qualifi\u00e9e et \u00e0 l\u2019\u00e9coute, vous accueille dans un environnement chaleureux et propose un large \u00e9ventail de consultations et d\u2019actes sp\u00e9cialis\u00e9s : tomographie en coh\u00e9rence optique (OCT), angiographie r\u00e9tinienne, \u00e9chographie oculaire, chirurgie r\u00e9fractive&#8230;<\/p>\n","protected":false},"author":1,"featured_media":0,"parent":0,"menu_order":0,"comment_status":"closed","ping_status":"closed","template":"template-builder.php","meta":{"footnotes":""},"class_list":["post-26","page","type-page","status-publish","hentry"],"_links":{"self":[{"href":"https:\/\/dr-atidihanane.com\/index.php?rest_route=\/wp\/v2\/pages\/26","targetHints":{"allow":["GET"]}}],"collection":[{"href":"https:\/\/dr-atidihanane.com\/index.php?rest_route=\/wp\/v2\/pages"}],"about":[{"href":"https:\/\/dr-atidihanane.com\/index.php?rest_route=\/wp\/v2\/types\/page"}],"author":[{"embeddable":true,"href":"https:\/\/dr-atidihanane.com\/index.php?rest_route=\/wp\/v2\/users\/1"}],"replies":[{"embeddable":true,"href":"https:\/\/dr-atidihanane.com\/index.php?rest_route=%2Fwp%2Fv2%2Fcomments&post=26"}],"version-history":[{"count":9,"href":"https:\/\/dr-atidihanane.com\/index.php?rest_route=\/wp\/v2\/pages\/26\/revisions"}],"predecessor-version":[{"id":3448,"href":"https:\/\/dr-atidihanane.com\/index.php?rest_route=\/wp\/v2\/pages\/26\/revisions\/3448"}],"wp:attachment":[{"href":"https:\/\/dr-atidihanane.com\/index.php?rest_route=%2Fwp%2Fv2%2Fmedia&parent=26"}],"curies":[{"name":"wp","href":"https:\/\/api.w.org\/{rel}","templated":true}]}}