{"id":1822,"date":"2023-12-25T06:28:08","date_gmt":"2023-12-25T06:28:08","guid":{"rendered":"https:\/\/wordpress.themeholy.com\/mediax\/?page_id=1822"},"modified":"2025-08-03T17:03:07","modified_gmt":"2025-08-03T17:03:07","slug":"appointments","status":"publish","type":"page","link":"https:\/\/dr-atidihanane.com\/?page_id=1822","title":{"rendered":"Prise de rendez-vous"},"content":{"rendered":"\t\t<div data-elementor-type=\"wp-page\" data-elementor-id=\"1822\" class=\"elementor elementor-1822\">\n\t\t\t\t<div class=\"elementor-element elementor-element-92182a4 e-flex e-con-boxed e-con e-parent\" data-id=\"92182a4\" data-element_type=\"container\" data-e-type=\"container\">\n\t\t\t\t\t<div class=\"e-con-inner\">\n\t\t\r\n\t\t<div class=\"elementor-element elementor-element-d82e766 elementor-widget elementor-widget-mediaxcontactform\" data-id=\"d82e766\" data-element_type=\"widget\" data-e-type=\"widget\" data-widget_type=\"mediaxcontactform.default\">\n\t\t\t\t<div class=\"elementor-widget-container\">\n\t\t\t\t\t<div class=\"row justify-content-center text-center\"><div class=\"col-xl-9\"><div class=\"title-area\"><span class=\"sub-title2\">CENTRE D'OPHTALMOLOGIE<\/span><h2 class=\"sec-title mb-0\">R\u00e9servez votre rendez-vous <\/h2><h3 class=\"sec-heading\">D\u00e8s maintenant<\/h3><p class=\"sec-text\">Notre clinique est \u00e9quip\u00e9e d\u2019installations modernes et de technologies m\u00e9dicales avanc\u00e9es pour garantir des diagnostics pr\u00e9cis et des traitements efficaces. Cela nous permet de vous offrir des soins de la plus haute qualit\u00e9.<\/p><\/div><\/div><\/div><div class=\"appointment-form2 bg\"><h4 class=\"form-title title\">Prendre un rendez-vous<\/h4>\n<div class=\"wpcf7 no-js\" id=\"wpcf7-f1832-o1\" lang=\"en-US\" dir=\"ltr\" data-wpcf7-id=\"1832\">\n<div class=\"screen-reader-response\"><p role=\"status\" aria-live=\"polite\" aria-atomic=\"true\"><\/p> <ul><\/ul><\/div>\n<form action=\"\/index.php?rest_route=%2Fwp%2Fv2%2Fpages%2F1822#wpcf7-f1832-o1\" method=\"post\" class=\"wpcf7-form init\" aria-label=\"Contact form\" novalidate=\"novalidate\" data-status=\"init\">\n<fieldset class=\"hidden-fields-container\"><input type=\"hidden\" name=\"_wpcf7\" value=\"1832\" \/><input type=\"hidden\" name=\"_wpcf7_version\" value=\"6.1\" \/><input type=\"hidden\" name=\"_wpcf7_locale\" value=\"en_US\" \/><input type=\"hidden\" name=\"_wpcf7_unit_tag\" value=\"wpcf7-f1832-o1\" \/><input type=\"hidden\" name=\"_wpcf7_container_post\" value=\"0\" \/><input type=\"hidden\" name=\"_wpcf7_posted_data_hash\" value=\"\" \/>\n<\/fieldset>\n<div class=\"row\">\n\t<div class=\"form-group col-md-6\">\n<span class=\"wpcf7-form-control-wrap\" data-name=\"text-655\"><input size=\"40\" maxlength=\"400\" class=\"wpcf7-form-control wpcf7-text wpcf7-validates-as-required form-control\" aria-required=\"true\" aria-invalid=\"false\" placeholder=\"Nom Complet\" value=\"\" type=\"text\" name=\"text-655\" \/><\/span>\n\t<\/div>\n\t<div class=\"form-group col-md-6\">\n<span class=\"wpcf7-form-control-wrap\" data-name=\"email-820\"><input size=\"40\" maxlength=\"400\" class=\"wpcf7-form-control wpcf7-email wpcf7-validates-as-required wpcf7-text wpcf7-validates-as-email form-control\" aria-required=\"true\" aria-invalid=\"false\" placeholder=\"Email\" value=\"\" type=\"email\" name=\"email-820\" \/><\/span>\n\t<\/div>\n\t<div class=\"form-group col-md-6\">\n<span class=\"wpcf7-form-control-wrap\" data-name=\"number-139\"><input class=\"wpcf7-form-control wpcf7-number wpcf7-validates-as-required wpcf7-validates-as-number form-control\" aria-required=\"true\" aria-invalid=\"false\" placeholder=\"T\u00e9l\u00e9phone\" value=\"\" type=\"number\" name=\"number-139\" \/><\/span>\n\t<\/div>\n\t<div class=\"form-group col-md-6\">\n<span class=\"wpcf7-form-control-wrap\" data-name=\"text-472\"><input size=\"40\" maxlength=\"400\" class=\"wpcf7-form-control wpcf7-text wpcf7-validates-as-required date-pick form-control\" id=\"text-472\" aria-required=\"true\" aria-invalid=\"false\" placeholder=\"Date\" value=\"\" type=\"text\" name=\"text-472\" \/><\/span>\n\t<\/div>\n\t<div class=\"form-group col-md-6\">\n<span class=\"wpcf7-form-control-wrap\" data-name=\"menu-721\"><select class=\"wpcf7-form-control wpcf7-select wpcf7-validates-as-required form-select nice-select\" id=\"subject\" aria-required=\"true\" aria-invalid=\"false\" name=\"menu-721\"><option value=\"Choose Doctor\">Choose Doctor<\/option><option value=\"Dr. ATIDI HANANE\">Dr. ATIDI HANANE<\/option><\/select><\/span>\n\t<\/div>\n\t<div class=\"form-group col-12\">\n<span class=\"wpcf7-form-control-wrap\" data-name=\"textarea-880\"><textarea cols=\"40\" rows=\"10\" maxlength=\"2000\" class=\"wpcf7-form-control wpcf7-textarea form-control\" id=\"textarea-880\" aria-invalid=\"false\" placeholder=\"Saisissez une note de rendez-vous..\" name=\"textarea-880\"><\/textarea><\/span>\n\t<\/div>\n\t<div class=\"form-btn col-12\">\n\t\t<button class=\"th-btn btn-fw\">Prendre un rendez-vous<\/button>\n\t<\/div>\n<\/div>\n<p class=\"form-messages mb-0 mt-3\"><\/p><div class=\"wpcf7-response-output\" aria-hidden=\"true\"><\/div>\n<\/form>\n<\/div>\n<\/div>\t\t\t\t<\/div>\n\t\t\t\t<\/div>\n\t\t\t\t\t<\/div>\n\t\t\t\t<\/div>\n\t\t\t\t<\/div>\n\t\t","protected":false},"excerpt":{"rendered":"<p>CENTRE D&#8217;OPHTALMOLOGIE R\u00e9servez votre rendez-vous D\u00e8s maintenant Notre clinique est \u00e9quip\u00e9e d\u2019installations modernes et de technologies m\u00e9dicales avanc\u00e9es pour garantir des diagnostics pr\u00e9cis et des traitements efficaces. Cela nous permet de vous offrir des soins de la plus haute qualit\u00e9. Prendre un rendez-vous Choose DoctorDr. ATIDI HANANE Prendre un rendez-vous<\/p>\n","protected":false},"author":1,"featured_media":0,"parent":0,"menu_order":0,"comment_status":"closed","ping_status":"closed","template":"template-builder.php","meta":{"footnotes":""},"class_list":["post-1822","page","type-page","status-publish","hentry"],"_links":{"self":[{"href":"https:\/\/dr-atidihanane.com\/index.php?rest_route=\/wp\/v2\/pages\/1822","targetHints":{"allow":["GET"]}}],"collection":[{"href":"https:\/\/dr-atidihanane.com\/index.php?rest_route=\/wp\/v2\/pages"}],"about":[{"href":"https:\/\/dr-atidihanane.com\/index.php?rest_route=\/wp\/v2\/types\/page"}],"author":[{"embeddable":true,"href":"https:\/\/dr-atidihanane.com\/index.php?rest_route=\/wp\/v2\/users\/1"}],"replies":[{"embeddable":true,"href":"https:\/\/dr-atidihanane.com\/index.php?rest_route=%2Fwp%2Fv2%2Fcomments&post=1822"}],"version-history":[{"count":5,"href":"https:\/\/dr-atidihanane.com\/index.php?rest_route=\/wp\/v2\/pages\/1822\/revisions"}],"predecessor-version":[{"id":3188,"href":"https:\/\/dr-atidihanane.com\/index.php?rest_route=\/wp\/v2\/pages\/1822\/revisions\/3188"}],"wp:attachment":[{"href":"https:\/\/dr-atidihanane.com\/index.php?rest_route=%2Fwp%2Fv2%2Fmedia&parent=1822"}],"curies":[{"name":"wp","href":"https:\/\/api.w.org\/{rel}","templated":true}]}}